{"id":7110,"date":"2023-06-01T09:06:44","date_gmt":"2023-06-01T09:06:44","guid":{"rendered":"https:\/\/www.tabique.pt\/?page_id=7110"},"modified":"2023-06-01T09:01:24","modified_gmt":"2023-06-01T09:01:24","slug":"termos-e-condicoes","status":"publish","type":"page","link":"https:\/\/www.tabique.pt\/index.php\/termos-e-condicoes\/","title":{"rendered":"Termos e Condi\u00e7\u00f5es"},"content":{"rendered":"<div class=\"wpb-content-wrapper\"><p>[vc_row css=&#8221;.vc_custom_1676557539479{padding-top: 75px !important;padding-bottom: 50px !important;}&#8221;][vc_column][vc_column_text]<span style=\"color: #232323;\"><strong>Termos e Condi\u00e7\u00f5es<\/strong><\/span><\/p>\n<p><span style=\"color: #232323;\">O objetivo do presente site \u00e9 oferecer informa\u00e7\u00e3o sobre a Tabique Engenharia, Lda. e sobre os nossos servi\u00e7os e atividades. Este site \u00e9 propriedade da Tabique Engenharia, Lda. sita na Rua Domingos Jos\u00e9 Ara\u00fajo, N\u00ba 15, Nogueir\u00f3 4715-316 Braga.<\/span><\/p>\n<p>&nbsp;<\/p>\n<p><span style=\"color: #232323;\"><strong>Conte\u00fados do www.tabique.pt<\/strong><\/span><\/p>\n<p><span style=\"color: #232323;\">Todo o conte\u00fado dispon\u00edvel atrav\u00e9s de www.tabique.pt \u00e9 propriedade da Tabique Engenharia, Lda. ou, se n\u00e3o for, a Tabique Engenharia, Lda. tem autoriza\u00e7\u00e3o dos correspondentes propriet\u00e1rios para o seu usufruto.<\/span><\/p>\n<p><span style=\"color: #232323;\">Os textos, fotografias, v\u00eddeos, desenhos e gr\u00e1ficos podem estar protegidos por direitos de autor ou outros direitos de propriedade intelectual, incluindo direitos de modelos de utilidade ou direitos de design.<\/span><\/p>\n<p><span style=\"color: #232323;\">\u00c9 proibida a reprodu\u00e7\u00e3o ou o uso em qualquer forma ou maneira do conte\u00fado dispon\u00edvel em www.tabique.pt, exceto o uso pessoal e sem fins comerciais, e sempre que os direitos da Tabique Engenharia, Lda. forem respeitados e n\u00e3o sofrerem altera\u00e7\u00f5es.<\/span><\/p>\n<p><span style=\"color: #232323;\">As marcas comerciais, incluindo log\u00f3tipos, slogans, etc., s\u00e3o marcas registadas ou n\u00e3o registadas de propriedade da Tabique Engenharia, Lda. ou concedidas sob licen\u00e7a a seu favor.<\/span><\/p>\n<p><span style=\"color: #232323;\">N\u00e3o se autoriza de nenhuma maneira a reprodu\u00e7\u00e3o ou o uso de nenhum dos direitos de propriedade intelectual apresentados em www.tabique.pt para nenhum fim diferente de navega\u00e7\u00e3o usual da rede internet.<\/span><\/p>\n<p>&nbsp;<\/p>\n<p><span style=\"color: #232323;\"><strong>Termos e Condi\u00e7\u00f5es de Responsabilidade Legal<\/strong><\/span><\/p>\n<p><span style=\"color: #232323;\">A informa\u00e7\u00e3o fornecida atrav\u00e9s de www.tabique.pt n\u00e3o est\u00e1 sujeita a nenhuma garantia. O site tem por objetivo oferecer unicamente informa\u00e7\u00e3o geral. O uso do site www.tabique.pt implica a aceita\u00e7\u00e3o das presentes condi\u00e7\u00f5es. A Tabique Engenharia, Lda., n\u00e3o pode garantir a exatid\u00e3o ou integridade da informa\u00e7\u00e3o, nem que a informa\u00e7\u00e3o cumpra com todos os seus requisitos.<\/span><\/p>\n<p><span style=\"color: #232323;\">Quando www.tabique.pt incluir uma refer\u00eancia ou possibilidade de link a outros sites, a Tabique Engenharia, Lda., n\u00e3o aceita nenhuma responsabilidade pelos servi\u00e7os ou equipamentos fornecidos por tais sites e n\u00e3o supervisionar\u00e1 os sites nem o material ou informa\u00e7\u00e3o que os mesmos inclu\u00edrem. Se tiver a possibilidade de aceder a www.tabique.pt a partir de outros sites, a Tabique Engenharia, Lda, poder\u00e1 n\u00e3o ter aprovado o link ou nenhum outro servi\u00e7o presente no site que fornece o link, exceto nos casos em que venha expressamente indicado o contr\u00e1rio.<\/span><\/p>\n<p><span style=\"color: #232323;\">A Tabique Engenharia, Lda., compromete-se a adotar as medidas de seguran\u00e7a necess\u00e1rias para garantir a salvaguarda dos emails dos subscritores da newsletter contra a sua eventual utiliza\u00e7\u00e3o abusiva.<\/span><\/p>\n<p><span style=\"color: #232323;\">A Tabique Engenharia, Lda, renuncia toda a responsabilidade por perdas ou danos diretos ou indiretos devido ao uso que se der a www.tabique.pt.ou ao acesso ou navega\u00e7\u00e3o de outros sites que se atingem por meio de links fornecidos por www.tabique.pt. Estes termos e condi\u00e7\u00f5es de responsabilidade legal aplicam-se sem preju\u00edzo das raz\u00f5es de tais perdas e independentemente se a Tabique Engenharia, Lda, podia ou devia antecipar tais perdas ou danos, quando n\u00e3o eliminou um link presente no site www.tabique.pt ou de outro modo. A limita\u00e7\u00e3o de responsabilidade aplica-se tamb\u00e9m a danos e preju\u00edzos causados por v\u00edrus inform\u00e1ticos presentes no seu computador.<\/span>[\/vc_column_text][\/vc_column][\/vc_row][vc_row content_placement=&#8221;middle&#8221; parallax=&#8221;enable_parallax&#8221; css=&#8221;.vc_custom_1666186456411{padding-top: 92px !important;padding-bottom: 45px !important;background-image: url(https:\/\/www.tabique.pt\/wp-content\/uploads\/2022\/10\/cta.jpg?id=7232) !important;background-position: center;background-repeat: no-repeat;background-size: cover !important;}&#8221;][vc_column align=&#8221;text-center&#8221; offset=&#8221;vc_col-md-7&#8243; responsive_align=&#8221;text-md-left&#8221; css=&#8221;.vc_custom_1531743285914{margin-bottom: 45px !important;}&#8221;]<style>.ld_fancy_heading_69f1f35b1c17b h2{font-size:24px;line-height:1.2em;font-weight:600;letter-spacing:-0.015em;color:rgb(255, 255, 255);}@media (min-width: 992px) { .ld_fancy_heading_69f1f35b1c17b h2 {margin-bottom:0px !important;  }  } .ld_fancy_heading_69f1f35b1c17b .lqd-highlight-inner{height:0.275em;bottom:0px;}@media (min-width: 992px) { .ld_fancy_heading_69f1f35b1c17b h2 {margin-bottom:0px !important;  }  } <\/style><div class=\"ld-fancy-heading mask-text text-underline ld_fancy_heading_69f1f35b1c17b\">\n\t<h2 class=\"lqd-highlight-underline lqd-highlight-grow-left\" data-fittext=\"true\" data-fittext-options='{\"compressor\":0.5,\"maxFontSize\":\"currentFontSize\",\"minFontSize\":\"25\"}' data-split-text=\"true\" data-custom-animations=\"true\" data-ca-options='{\"triggerHandler\":\"inview\",\"animationTarget\":\".lqd-lines .split-inner\",\"duration\":700,\"delay\":100,\"easing\":\"easeOutQuint\",\"direction\":\"forward\",\"initValues\":{\"translateY\":84,\"rotateZ\":10},\"animations\":{\"translateY\":0,\"rotateZ\":0}}' data-split-options='{\"type\":\"lines\"}'><span class=\"ld-fh-txt\"> Pretende alguma Solu\u00e7\u00e3o \u00e0 medida?<br \/>\n<span style=\"text-decoration: underline\">Vamos trabalhar juntos<\/span><\/span><\/h2><\/div>[\/vc_column][vc_column enable_content_animation=&#8221;yes&#8221; ca_init_scale_x=&#8221;1&#8243; ca_init_scale_y=&#8221;1&#8243; ca_init_scale_z=&#8221;1&#8243; ca_init_opacity=&#8221;0&#8243; ca_an_scale_x=&#8221;1&#8243; ca_an_scale_y=&#8221;1&#8243; ca_an_scale_z=&#8221;1&#8243; ca_an_opacity=&#8221;1&#8243; align=&#8221;text-center&#8221; offset=&#8221;vc_col-md-offset-2 vc_col-md-3&#8243; ca_init_translate_y=&#8221;39&#8243; responsive_align=&#8221;text-md-right&#8221;]<style>.ld_button_69f1f35b1c2c6.btn-icon-solid .btn-icon{background:rgb(255, 255, 255);}.ld_button_69f1f35b1c2c6.btn-icon-circle.btn-icon-ripple .btn-icon:before{border-color:rgb(255, 255, 255);}.ld_button_69f1f35b1c2c6.btn-icon-solid:hover .btn-icon{background:rgb(0, 0, 0);}.ld_button_69f1f35b1c2c6{background-color:rgb(255, 255, 255);border-color:rgb(255, 255, 255);color:rgb(0, 0, 0);font-size:16px !important;letter-spacing:0.01em !important;}.ld_button_69f1f35b1c2c6:hover{background-color:rgb(0, 0, 0);border-color:rgb(0, 0, 0);}.ld_button_69f1f35b1c2c6 .btn-gradient-bg-hover{background:-webkit-linear-gradient(to right, rgb(0, 0, 0) 0%, rgb(0, 0, 0) 100%);background:linear-gradient(to right, rgb(0, 0, 0) 0%, rgb(0, 0, 0) 100%);}.ld_button_69f1f35b1c2c6 .btn-gradient-border defs stop:first-child{stop-color:rgb(255, 255, 255);}.ld_button_69f1f35b1c2c6 .btn-gradient-border defs stop:last-child{stop-color:rgb(255, 255, 255);}.ld_button_69f1f35b1c2c6:hover .btn-gradient-border defs stop:first-child{stop-color:rgb(0, 0, 0);}.ld_button_69f1f35b1c2c6:hover .btn-gradient-border defs stop:last-child{stop-color:rgb(0, 0, 0);}<\/style><a href=\"https:\/\/www.tabique.pt\/index.php\/contactos-pt\/\" title=\"Contactos\" class=\"btn btn-solid semi-round btn-bordered border-thin ld_button_69f1f35b1c2c6 vc_custom_1678717912673\">\n\t<span>\n\t\t\n\t\t\t\t\t<span class=\"btn-txt\">Contacte-nos<\/span>\n\t\t\t\n\t\t\t\t<\/span>\n<\/a>\n[\/vc_column][\/vc_row]<\/p>\n<\/div>","protected":false},"excerpt":{"rendered":"<p>[vc_row css=&#8221;.vc_custom_1676557539479{padding-top: 75px !important;padding-bottom: 50px !important;}&#8221;][vc_column][vc_column_text]Termos e Condi\u00e7\u00f5es O objetivo do presente site \u00e9 oferecer&#8230;<\/p>\n","protected":false},"author":2,"featured_media":0,"parent":0,"menu_order":0,"comment_status":"closed","ping_status":"closed","template":"","meta":{"om_disable_all_campaigns":false,"_monsterinsights_skip_tracking":false,"_monsterinsights_sitenote_active":false,"_monsterinsights_sitenote_note":"","_monsterinsights_sitenote_category":0,"_uf_show_specific_survey":0,"_uf_disable_surveys":false,"footnotes":""},"class_list":["post-7110","page","type-page","status-publish","hentry"],"aioseo_notices":[],"_links":{"self":[{"href":"https:\/\/www.tabique.pt\/index.php\/wp-json\/wp\/v2\/pages\/7110","targetHints":{"allow":["GET"]}}],"collection":[{"href":"https:\/\/www.tabique.pt\/index.php\/wp-json\/wp\/v2\/pages"}],"about":[{"href":"https:\/\/www.tabique.pt\/index.php\/wp-json\/wp\/v2\/types\/page"}],"author":[{"embeddable":true,"href":"https:\/\/www.tabique.pt\/index.php\/wp-json\/wp\/v2\/users\/2"}],"replies":[{"embeddable":true,"href":"https:\/\/www.tabique.pt\/index.php\/wp-json\/wp\/v2\/comments?post=7110"}],"version-history":[{"count":10,"href":"https:\/\/www.tabique.pt\/index.php\/wp-json\/wp\/v2\/pages\/7110\/revisions"}],"predecessor-version":[{"id":8551,"href":"https:\/\/www.tabique.pt\/index.php\/wp-json\/wp\/v2\/pages\/7110\/revisions\/8551"}],"wp:attachment":[{"href":"https:\/\/www.tabique.pt\/index.php\/wp-json\/wp\/v2\/media?parent=7110"}],"curies":[{"name":"wp","href":"https:\/\/api.w.org\/{rel}","templated":true}]}}