{"id":7361,"date":"2023-03-10T12:07:13","date_gmt":"2023-03-10T12:07:13","guid":{"rendered":"https:\/\/www.tabique.pt\/?page_id=7361"},"modified":"2023-09-13T15:54:39","modified_gmt":"2023-09-13T15:54:39","slug":"carreiras","status":"publish","type":"page","link":"https:\/\/www.tabique.pt\/index.php\/carreiras\/","title":{"rendered":"Carreiras"},"content":{"rendered":"<div class=\"wpb-content-wrapper\"><p>[vc_row enable_gradient=&#8221;yes&#8221; css=&#8221;.vc_custom_1684509403467{padding-top: 90px !important;padding-bottom: 30px !important;}&#8221; gradient_bg=&#8221;linear-gradient(90deg, rgba(0,0,0,0.1) 60%, rgba(255,255,255,0) 60%)&#8221;][vc_column align=&#8221;text-left&#8221;]<style>.space_grotesk preto h2{font-size:36px;line-height:1.5;color:rgb(35, 35, 35);}.space_grotesk preto .lqd-highlight-inner{height:0.275em;bottom:0px;}<\/style><div id=\"space_grotesk preto\" class=\"ld-fancy-heading space_grotesk preto ld_fancy_heading_69d6a5a4da03e\">\n\t<h2 class=\"lqd-highlight-underline lqd-highlight-grow-left\" ><span class=\"ld-fh-txt\"> Candidaturas Abertas<\/span><\/h2><\/div>[vc_empty_space]<style>.ld_fancy_heading_69d6a5a4da177 p{color:rgb(35, 35, 35);}.ld_fancy_heading_69d6a5a4da177 .lqd-highlight-inner{height:0.275em;bottom:0px;}<\/style><div class=\"ld-fancy-heading ld_fancy_heading_69d6a5a4da177\">\n\t<p class=\"lqd-highlight-underline lqd-highlight-grow-left\" ><span class=\"ld-fh-txt\"> A\u00a0<strong>Tabique Engenharia, Lda<\/strong> desenvolve a sua principal atividade na \u00e1rea de Fiscaliza\u00e7\u00e3o e Coordena\u00e7\u00e3o de Seguran\u00e7a em Obra de diversos tipos de empreendimentos e infraestruturas.<\/span><\/p><\/div>[vc_empty_space][\/vc_column][vc_column align=&#8221;text-center&#8221;]<style>.ld_fancy_heading_69d6a5a4da1fb p{color:rgb(35, 35, 35);}.ld_fancy_heading_69d6a5a4da1fb .lqd-highlight-inner{height:0.275em;bottom:0px;}<\/style><div class=\"ld-fancy-heading text-left ld_fancy_heading_69d6a5a4da1fb\">\n\t<p class=\"lqd-highlight-underline lqd-highlight-grow-left\" ><span class=\"ld-fh-txt\"> \t<div class=\"awsm-job-wrap\">\n\n\t\t<div class=\"awsm-filter-wrap awsm-no-search-filter-wrap\"><form action=\"https:\/\/www.tabique.pt\/wp-admin\/admin-ajax.php\" method=\"POST\"><a href=\"#\" class=\"awsm-filter-toggle\" role=\"button\" aria-pressed=\"false\"><span class=\"awsm-filter-toggle-text-wrapper\">Filter by<\/span><svg width=\"100\" height=\"100\" viewBox=\"0 0 100 100\" xmlns=\"http:\/\/www.w3.org\/2000\/svg\" version=\"1.1\" preserveAspectRatio=\"xMinYMin\"><path xmlns=\"http:\/\/www.w3.org\/2000\/svg\" fill=\"rgb(9.803922%,9.803922%,9.803922%)\" d=\"M 36.417969 19.9375 L 36.417969 17.265625 C 36.417969 16.160156 35.523438 15.265625 34.417969 15.265625 L 21.578125 15.265625 C 20.476562 15.265625 19.578125 16.160156 19.578125 17.265625 L 19.578125 19.9375 L 11 19.9375 L 11 26.9375 L 19.578125 26.9375 L 19.578125 30.105469 C 19.578125 31.210938 20.476562 32.105469 21.578125 32.105469 L 34.417969 32.105469 C 35.523438 32.105469 36.417969 31.210938 36.417969 30.105469 L 36.417969 26.9375 L 89 26.9375 L 89 19.9375 Z M 58.421875 43.578125 C 58.421875 42.476562 57.527344 41.578125 56.421875 41.578125 L 43.582031 41.578125 C 42.480469 41.578125 41.582031 42.476562 41.582031 43.578125 L 41.582031 46.5 L 11 46.5 L 11 53.5 L 41.582031 53.5 L 41.582031 56.421875 C 41.582031 57.527344 42.480469 58.421875 43.582031 58.421875 L 56.421875 58.421875 C 57.527344 58.421875 58.421875 57.527344 58.421875 56.421875 L 58.421875 53.5 L 89 53.5 L 89 46.5 L 58.421875 46.5 Z M 80.417969 70.140625 C 80.417969 69.035156 79.523438 68.140625 78.417969 68.140625 L 65.578125 68.140625 C 64.476562 68.140625 63.578125 69.035156 63.578125 70.140625 L 63.578125 73.0625 L 11 73.0625 L 11 80.0625 L 63.578125 80.0625 L 63.578125 82.984375 C 63.578125 84.085938 64.476562 84.984375 65.578125 84.984375 L 78.417969 84.984375 C 79.523438 84.984375 80.417969 84.085938 80.417969 82.984375 L 80.417969 80.0625 L 89 80.0625 L 89 73.0625 L 80.417969 73.0625 Z M 80.417969 70.140625\"\/><\/svg><\/a><div class=\"awsm-filter-items\"><div class=\"awsm-filter-item\" data-filter=\"job__location_spec\"><label for=\"awsm-job-location-filter-option-1\" class=\"awsm-sr-only\">All Os Locais<\/label><select name=\"awsm_job_spec[job-location]\" class=\"awsm-filter-option awsm-job-location-filter-option\" id=\"awsm-job-location-filter-option-1\" aria-label=\"All Os Locais\"><option value=\"\">All Os Locais<\/option><option value=\"341\" data-slug=\"coimbra\">Coimbra<\/option><option value=\"169\" data-slug=\"lisboa\">Lisboa<\/option><option value=\"337\" data-slug=\"porto\">Porto<\/option><option value=\"339\" data-slug=\"viseu\">Viseu<\/option><\/select><\/div><\/div><input type=\"hidden\" name=\"action\" value=\"jobfilter\"><\/form><\/div>\n\t\t<div class=\"awsm-job-listings awsm-lists\" data-listings=\"10\">\n\t\t\t<div class=\"awsm-job-listing-item awsm-list-item\" id=\"awsm-list-item-9030\">\t\t<div class=\"awsm-job-item\">\t\t\t<div class=\"awsm-list-left-col\">\n\t\t\t\t\n\t\t\t\t\n\t\t\t\t<h2 class=\"awsm-job-post-title\">\n\t\t\t\t\t<a href=\"https:\/\/www.tabique.pt\/index.php\/jobs\/engenheiro-eletrotecnico-m-f\/\">Engenheiro Eletrot\u00e9cnico (M\/F)<\/a>\t\t\t\t<\/h2>\n\n\t\t\t\t\t\t\t<\/div>\n\n\t\t\t<div class=\"awsm-list-right-col\">\n\t\t\t\t<div class=\"awsm-job-specification-wrapper\"><div class=\"awsm-job-specification-item awsm-job-specification-job-location\"><span class=\"awsm-job-specification-term\">Coimbra<\/span> <\/div><\/div><div class=\"awsm-job-more-container\"><a class=\"awsm-job-more\" href=\"https:\/\/www.tabique.pt\/index.php\/jobs\/engenheiro-eletrotecnico-m-f\/\">More Details <span><\/span><\/a><\/div>\t\t\t<\/div>\n\t\t<\/div>\t<\/div><div class=\"awsm-job-listing-item awsm-list-item\" id=\"awsm-list-item-9029\">\t\t<div class=\"awsm-job-item\">\t\t\t<div class=\"awsm-list-left-col\">\n\t\t\t\t\n\t\t\t\t\n\t\t\t\t<h2 class=\"awsm-job-post-title\">\n\t\t\t\t\t<a href=\"https:\/\/www.tabique.pt\/index.php\/jobs\/engenheiro-eletrotecnico-viseu-m-f\/\">Engenheiro Eletrot\u00e9cnico (M\/F)<\/a>\t\t\t\t<\/h2>\n\n\t\t\t\t\t\t\t<\/div>\n\n\t\t\t<div class=\"awsm-list-right-col\">\n\t\t\t\t<div class=\"awsm-job-specification-wrapper\"><div class=\"awsm-job-specification-item awsm-job-specification-job-location\"><span class=\"awsm-job-specification-term\">Viseu<\/span> <\/div><\/div><div class=\"awsm-job-more-container\"><a class=\"awsm-job-more\" href=\"https:\/\/www.tabique.pt\/index.php\/jobs\/engenheiro-eletrotecnico-viseu-m-f\/\">More Details <span><\/span><\/a><\/div>\t\t\t<\/div>\n\t\t<\/div>\t<\/div><div class=\"awsm-job-listing-item awsm-list-item\" id=\"awsm-list-item-9007\">\t\t<div class=\"awsm-job-item\">\t\t\t<div class=\"awsm-list-left-col\">\n\t\t\t\t\n\t\t\t\t\n\t\t\t\t<h2 class=\"awsm-job-post-title\">\n\t\t\t\t\t<a href=\"https:\/\/www.tabique.pt\/index.php\/jobs\/tecnicoa-superior-de-seguranca-e-higiene-no-trabalho-lisboa\/\">T\u00e9cnico(a) Superior de Seguran\u00e7a e Higiene no Trabalho<\/a>\t\t\t\t<\/h2>\n\n\t\t\t\t\t\t\t<\/div>\n\n\t\t\t<div class=\"awsm-list-right-col\">\n\t\t\t\t<div class=\"awsm-job-specification-wrapper\"><div class=\"awsm-job-specification-item awsm-job-specification-job-location\"><span class=\"awsm-job-specification-term\">Lisboa<\/span> <\/div><\/div><div class=\"awsm-job-more-container\"><a class=\"awsm-job-more\" href=\"https:\/\/www.tabique.pt\/index.php\/jobs\/tecnicoa-superior-de-seguranca-e-higiene-no-trabalho-lisboa\/\">More Details <span><\/span><\/a><\/div>\t\t\t<\/div>\n\t\t<\/div>\t<\/div><div class=\"awsm-job-listing-item awsm-list-item\" id=\"awsm-list-item-9006\">\t\t<div class=\"awsm-job-item\">\t\t\t<div class=\"awsm-list-left-col\">\n\t\t\t\t\n\t\t\t\t\n\t\t\t\t<h2 class=\"awsm-job-post-title\">\n\t\t\t\t\t<a href=\"https:\/\/www.tabique.pt\/index.php\/jobs\/engenheiro-mecanico-lisboa-m-f\/\">Engenheiro Mec\u00e2nico (M\/F)<\/a>\t\t\t\t<\/h2>\n\n\t\t\t\t\t\t\t<\/div>\n\n\t\t\t<div class=\"awsm-list-right-col\">\n\t\t\t\t<div class=\"awsm-job-specification-wrapper\"><div class=\"awsm-job-specification-item awsm-job-specification-job-location\"><span class=\"awsm-job-specification-term\">Lisboa<\/span> <\/div><\/div><div class=\"awsm-job-more-container\"><a class=\"awsm-job-more\" href=\"https:\/\/www.tabique.pt\/index.php\/jobs\/engenheiro-mecanico-lisboa-m-f\/\">More Details <span><\/span><\/a><\/div>\t\t\t<\/div>\n\t\t<\/div>\t<\/div><div class=\"awsm-job-listing-item awsm-list-item\" id=\"awsm-list-item-9005\">\t\t<div class=\"awsm-job-item\">\t\t\t<div class=\"awsm-list-left-col\">\n\t\t\t\t\n\t\t\t\t\n\t\t\t\t<h2 class=\"awsm-job-post-title\">\n\t\t\t\t\t<a href=\"https:\/\/www.tabique.pt\/index.php\/jobs\/engenheiro-civil-lisboa-m-f\/\">Engenheiro Civil (M\/F)<\/a>\t\t\t\t<\/h2>\n\n\t\t\t\t\t\t\t<\/div>\n\n\t\t\t<div class=\"awsm-list-right-col\">\n\t\t\t\t<div class=\"awsm-job-specification-wrapper\"><div class=\"awsm-job-specification-item awsm-job-specification-job-location\"><span class=\"awsm-job-specification-term\">Lisboa<\/span> <\/div><\/div><div class=\"awsm-job-more-container\"><a class=\"awsm-job-more\" href=\"https:\/\/www.tabique.pt\/index.php\/jobs\/engenheiro-civil-lisboa-m-f\/\">More Details <span><\/span><\/a><\/div>\t\t\t<\/div>\n\t\t<\/div>\t<\/div><div class=\"awsm-job-listing-item awsm-list-item\" id=\"awsm-list-item-9004\">\t\t<div class=\"awsm-job-item\">\t\t\t<div class=\"awsm-list-left-col\">\n\t\t\t\t\n\t\t\t\t\n\t\t\t\t<h2 class=\"awsm-job-post-title\">\n\t\t\t\t\t<a href=\"https:\/\/www.tabique.pt\/index.php\/jobs\/engenheiro-civil-porto-m-f\/\">Engenheiro Civil (M\/F)<\/a>\t\t\t\t<\/h2>\n\n\t\t\t\t\t\t\t<\/div>\n\n\t\t\t<div class=\"awsm-list-right-col\">\n\t\t\t\t<div class=\"awsm-job-specification-wrapper\"><div class=\"awsm-job-specification-item awsm-job-specification-job-location\"><span class=\"awsm-job-specification-term\">Porto<\/span> <\/div><\/div><div class=\"awsm-job-more-container\"><a class=\"awsm-job-more\" href=\"https:\/\/www.tabique.pt\/index.php\/jobs\/engenheiro-civil-porto-m-f\/\">More Details <span><\/span><\/a><\/div>\t\t\t<\/div>\n\t\t<\/div>\t<\/div>\t\t<\/div>\n\n\t<\/div>\n\t<\/span><\/p><\/div>[\/vc_column][\/vc_row][vc_row bg_position=&#8221;right top&#8221; css=&#8221;.vc_custom_1665739912836{padding-top: 100px !important;padding-bottom: 100px !important;background-image: url(https:\/\/www.tabique.pt\/wp-content\/uploads\/2022\/10\/projetos_BG.png?id=7002) !important;background-position: 0 0 !important;background-repeat: no-repeat !important;}&#8221; el_id=&#8221;home_projetos&#8221; el_class=&#8221;home_projetos&#8221;][vc_column align=&#8221;text-left&#8221; offset=&#8221;vc_col-md-offset-5 vc_col-md-7&#8243;]<style>.ld_fancy_heading_69d6a5a4db356 h2{font-size:24px;line-height:1.5;color:rgb(0, 0, 0);}.ld_fancy_heading_69d6a5a4db356 .lqd-highlight-inner{height:0.275em;bottom:0px;}<\/style><div class=\"ld-fancy-heading space_grotesk preto ld_fancy_heading_69d6a5a4db356\">\n\t<h2 class=\"lqd-highlight-underline lqd-highlight-grow-left\" ><span class=\"ld-fh-txt\"> Candidaturas Espont\u00e2neas<\/span><\/h2><\/div>[vc_empty_space]<style>.ld_fancy_heading_69d6a5a4df95b p{color:rgb(35, 35, 35);}.ld_fancy_heading_69d6a5a4df95b .lqd-highlight-inner{height:0.275em;bottom:0px;}<\/style><div class=\"ld-fancy-heading ld_fancy_heading_69d6a5a4df95b\">\n\t<p class=\"lqd-highlight-underline lqd-highlight-grow-left\" ><span class=\"ld-fh-txt\"> Se pretende candidatar-se a uma oportunidade de recrutamento, pode enviar-nos o seu curriculum vitae <strong>abaixo.<\/strong><\/p>\n<p>O seu curriculum vitae\u00a0 ficar\u00e1 dispon\u00edvel na nossa base de dados, durante um ano, para eventual contacto no \u00e2mbito do processo de recrutamento de futuras ofertas.<\/span><\/p><\/div>[vc_empty_space]<style>.ld_cf7_69d6a5a4e368a input[type=\"submit\"], .ld_cf7_69d6a5a4e368a button[type=\"submit\"]{font-size:15px;font-weight:700;letter-spacing:0.1em;background:rgb(78, 142, 71);border-color:rgba(255, 255, 255, 0);}.ld_cf7_69d6a5a4e368a input, .ld_cf7_69d6a5a4e368a select, .ld_cf7_69d6a5a4e368a textarea, .ld_cf7_69d6a5a4e368a .ui-selectmenu-button{color:rgb(35, 35, 35);border-color:rgb(35, 35, 35);}.ld_cf7_69d6a5a4e368a input:focus, .ld_cf7_69d6a5a4e368a select:focus, .ld_cf7_69d6a5a4e368a textarea:focus, .ld_cf7_69d6a5a4e368a .ui-selectmenu-button:hover{color:rgb(24, 27, 49);border-color:rgb(35, 35, 35);}.ld_cf7_69d6a5a4e368a input[type=\"submit\"]:focus,.ld_cf7_69d6a5a4e368a input[type=\"submit\"]:hover, .ld_cf7_69d6a5a4e368a button[type=\"submit\"]:focus, .ld_cf7_69d6a5a4e368a button[type=\"submit\"]:hover{background:rgb(35, 35, 35);}<\/style><div id=\"ld_cf7_69d6a5a4e368a\" class=\"lqd-contact-form lqd-contact-form-inputs-underlined ld_cf7_69d6a5a4e368a\">\n\t\n<div class=\"wpcf7 no-js\" id=\"wpcf7-f7418-o1\" lang=\"pt-PT\" dir=\"ltr\" data-wpcf7-id=\"7418\">\n<div class=\"screen-reader-response\"><p role=\"status\" aria-live=\"polite\" aria-atomic=\"true\"><\/p> <ul><\/ul><\/div>\n<form action=\"\/index.php\/wp-json\/wp\/v2\/pages\/7361#wpcf7-f7418-o1\" method=\"post\" class=\"wpcf7-form init\" aria-label=\"Formul\u00e1rio de contacto\" enctype=\"multipart\/form-data\" novalidate=\"novalidate\" data-status=\"init\">\n<div style=\"display: none;\">\n<input type=\"hidden\" name=\"_wpcf7\" value=\"7418\" \/>\n<input type=\"hidden\" name=\"_wpcf7_version\" value=\"6.0.6\" \/>\n<input type=\"hidden\" name=\"_wpcf7_locale\" value=\"pt_PT\" \/>\n<input type=\"hidden\" name=\"_wpcf7_unit_tag\" value=\"wpcf7-f7418-o1\" \/>\n<input type=\"hidden\" name=\"_wpcf7_container_post\" value=\"0\" \/>\n<input type=\"hidden\" name=\"_wpcf7_posted_data_hash\" value=\"\" \/>\n<\/div>\n<div class=\"row\">\n\t<p class=\"col-md-6\"><br \/>\n<span class=\"wpcf7-form-control-wrap\" data-name=\"text-598\"><input size=\"40\" maxlength=\"400\" class=\"wpcf7-form-control wpcf7-text wpcf7-validates-as-required\" aria-required=\"true\" aria-invalid=\"false\" placeholder=\"Fun\u00e7\u00e3o*\" value=\"\" type=\"text\" name=\"text-598\" \/><\/span>\n\t<\/p>\n\t<p class=\"col-md-6\"><br \/>\n<span class=\"wpcf7-form-control-wrap\" data-name=\"text-595\"><input size=\"40\" maxlength=\"400\" class=\"wpcf7-form-control wpcf7-text wpcf7-validates-as-required\" aria-required=\"true\" aria-invalid=\"false\" placeholder=\"Nome*\" value=\"\" type=\"text\" name=\"text-595\" \/><\/span>\n\t<\/p>\n\t<p class=\"col-md-6\"><br \/>\n<span class=\"wpcf7-form-control-wrap\" data-name=\"date-588\"><input class=\"wpcf7-form-control wpcf7-date wpcf7-validates-as-required wpcf7-validates-as-date\" aria-required=\"true\" aria-invalid=\"false\" placeholder=\"Data de Nascimento*\" value=\"\" type=\"date\" name=\"date-588\" \/><\/span>\n\t<\/p>\n\t<p class=\"col-md-6\"><br \/>\n<span class=\"wpcf7-form-control-wrap\" data-name=\"text-504\"><input size=\"40\" maxlength=\"400\" class=\"wpcf7-form-control wpcf7-text wpcf7-validates-as-required\" aria-required=\"true\" aria-invalid=\"false\" placeholder=\"Naturailidade*\" value=\"\" type=\"text\" name=\"text-504\" \/><\/span>\n\t<\/p>\n\t<p class=\"col-md-6\"><br \/>\n<span class=\"wpcf7-form-control-wrap\" data-name=\"text-597\"><input size=\"40\" maxlength=\"400\" class=\"wpcf7-form-control wpcf7-text wpcf7-validates-as-required\" aria-required=\"true\" aria-invalid=\"false\" placeholder=\"Morada*\" value=\"\" type=\"text\" name=\"text-597\" \/><\/span>\n\t<\/p>\n\t<p class=\"col-md-6\"><br \/>\n<span class=\"wpcf7-form-control-wrap\" data-name=\"text-599\"><input size=\"40\" maxlength=\"400\" class=\"wpcf7-form-control wpcf7-text wpcf7-validates-as-required\" aria-required=\"true\" aria-invalid=\"false\" placeholder=\"C\u00f3d. Postal*\" value=\"\" type=\"text\" name=\"text-599\" \/><\/span>\n\t<\/p>\n\t<p class=\"col-md-6\"><br \/>\n<span class=\"wpcf7-form-control-wrap\" data-name=\"email-48\"><input size=\"40\" maxlength=\"400\" class=\"wpcf7-form-control wpcf7-email wpcf7-validates-as-required wpcf7-text wpcf7-validates-as-email\" aria-required=\"true\" aria-invalid=\"false\" placeholder=\"E-mail*\" value=\"\" type=\"email\" name=\"email-48\" \/><\/span>\n\t<\/p>\n\t<p class=\"col-md-6\"><br \/>\n<span class=\"wpcf7-form-control-wrap\" data-name=\"tel-0\"><input size=\"40\" maxlength=\"400\" class=\"wpcf7-form-control wpcf7-tel wpcf7-validates-as-required wpcf7-text wpcf7-validates-as-tel\" aria-required=\"true\" aria-invalid=\"false\" placeholder=\"Telem\u00f3vel*\" value=\"\" type=\"tel\" name=\"tel-0\" \/><\/span>\n\t<\/p>\n\t<p class=\"col-md-12\"><br \/>\n<span class=\"wpcf7-form-control-wrap\" data-name=\"file-219\"><input size=\"40\" class=\"wpcf7-form-control wpcf7-file wpcf7-validates-as-required\" accept=\"audio\/*,video\/*,image\/*\" aria-required=\"true\" aria-invalid=\"false\" type=\"file\" name=\"file-219\" \/><\/span>\n\t<\/p>\n\t<div>\n\t\t<p>* Campos de preenchimento obrigat\u00f3rio.<br \/>\n<span class=\"wpcf7-form-control-wrap\" data-name=\"acceptance-737\"><span class=\"wpcf7-form-control wpcf7-acceptance\"><span class=\"wpcf7-list-item\"><label><input type=\"checkbox\" name=\"acceptance-737\" value=\"1\" aria-invalid=\"false\" \/><span class=\"wpcf7-list-item-label\">Aceito o tratamento dos meus dados pessoais como descrito nas <a href=\"\/index.php\/politica-de-privacidade\/\" target=\"_blank\">pol\u00edticas de privacidade<\/a><\/span><\/label><\/span><\/span><\/span>\n\t\t<\/p>\n\t<\/div>\n\t<p class=\"col-md-12 mt-1 center\"><br \/>\n<input class=\"wpcf7-form-control wpcf7-submit has-spinner\" type=\"submit\" value=\"ENVIAR\" \/>\n\t<\/p>\n<\/div><div class=\"wpcf7-response-output\" aria-hidden=\"true\"><\/div>\n<\/form>\n<\/div>\n<\/div>[\/vc_column][\/vc_row][vc_row content_placement=&#8221;middle&#8221; parallax=&#8221;enable_parallax&#8221; css=&#8221;.vc_custom_1666186456411{padding-top: 92px !important;padding-bottom: 45px !important;background-image: url(https:\/\/www.tabique.pt\/wp-content\/uploads\/2022\/10\/cta.jpg?id=7232) !important;background-position: center;background-repeat: no-repeat;background-size:cover !important;}&#8221;][vc_column align=&#8221;text-center&#8221; offset=&#8221;vc_col-md-7&#8243; responsive_align=&#8221;text-md-left&#8221; css=&#8221;.vc_custom_1531743285914{margin-bottom: 45px !important;}&#8221;]<style>.ld_fancy_heading_69d6a5a4e3af0 h2{font-size:24px;line-height:1.2em;font-weight:600;letter-spacing:-0.015em;color:rgb(255, 255, 255);}@media (min-width: 992px) { .ld_fancy_heading_69d6a5a4e3af0 h2 {margin-bottom:0px !important;  }  } .ld_fancy_heading_69d6a5a4e3af0 .lqd-highlight-inner{height:0.275em;bottom:0px;}@media (min-width: 992px) { .ld_fancy_heading_69d6a5a4e3af0 h2 {margin-bottom:0px !important;  }  } <\/style><div class=\"ld-fancy-heading mask-text text-underline ld_fancy_heading_69d6a5a4e3af0\">\n\t<h2 class=\"lqd-highlight-underline lqd-highlight-grow-left\" data-fittext=\"true\" data-fittext-options='{\"compressor\":0.5,\"maxFontSize\":\"currentFontSize\",\"minFontSize\":\"25\"}' data-split-text=\"true\" data-custom-animations=\"true\" data-ca-options='{\"triggerHandler\":\"inview\",\"animationTarget\":\".lqd-lines .split-inner\",\"duration\":700,\"delay\":100,\"easing\":\"easeOutQuint\",\"direction\":\"forward\",\"initValues\":{\"translateY\":84,\"rotateZ\":10},\"animations\":{\"translateY\":0,\"rotateZ\":0}}' data-split-options='{\"type\":\"lines\"}'><span class=\"ld-fh-txt\"> Pretende alguma Solu\u00e7\u00e3o \u00e0 medida?<br \/>\n<span style=\"text-decoration: underline\">Vamos trabalhar juntos<\/span><\/span><\/h2><\/div>[\/vc_column][vc_column enable_content_animation=&#8221;yes&#8221; ca_init_scale_x=&#8221;1&#8243; ca_init_scale_y=&#8221;1&#8243; ca_init_scale_z=&#8221;1&#8243; ca_init_opacity=&#8221;0&#8243; ca_an_scale_x=&#8221;1&#8243; ca_an_scale_y=&#8221;1&#8243; ca_an_scale_z=&#8221;1&#8243; ca_an_opacity=&#8221;1&#8243; align=&#8221;text-center&#8221; offset=&#8221;vc_col-md-offset-2 vc_col-md-3&#8243; ca_init_translate_y=&#8221;39&#8243; responsive_align=&#8221;text-md-right&#8221;]<style>.ld_button_69d6a5a4e3c51.btn-icon-solid .btn-icon{background:rgb(255, 255, 255);}.ld_button_69d6a5a4e3c51.btn-icon-circle.btn-icon-ripple .btn-icon:before{border-color:rgb(255, 255, 255);}.ld_button_69d6a5a4e3c51.btn-icon-solid:hover .btn-icon{background:rgb(0, 0, 0);}.ld_button_69d6a5a4e3c51{background-color:rgb(255, 255, 255);border-color:rgb(255, 255, 255);color:rgb(0, 0, 0);font-size:16px !important;letter-spacing:0.01em !important;}.ld_button_69d6a5a4e3c51:hover{background-color:rgb(0, 0, 0);border-color:rgb(0, 0, 0);}.ld_button_69d6a5a4e3c51 .btn-gradient-bg-hover{background:-webkit-linear-gradient(to right, rgb(0, 0, 0) 0%, rgb(0, 0, 0) 100%);background:linear-gradient(to right, rgb(0, 0, 0) 0%, rgb(0, 0, 0) 100%);}.ld_button_69d6a5a4e3c51 .btn-gradient-border defs stop:first-child{stop-color:rgb(255, 255, 255);}.ld_button_69d6a5a4e3c51 .btn-gradient-border defs stop:last-child{stop-color:rgb(255, 255, 255);}.ld_button_69d6a5a4e3c51:hover .btn-gradient-border defs stop:first-child{stop-color:rgb(0, 0, 0);}.ld_button_69d6a5a4e3c51:hover .btn-gradient-border defs stop:last-child{stop-color:rgb(0, 0, 0);}<\/style><a href=\"https:\/\/www.tabique.pt\/index.php\/contactos-pt\/\" title=\"Contactos\" class=\"btn btn-solid semi-round btn-bordered border-thin ld_button_69d6a5a4e3c51 vc_custom_1678717807416\">\n\t<span>\n\t\t\n\t\t\t\t\t<span class=\"btn-txt\">Contacte-nos<\/span>\n\t\t\t\n\t\t\t\t<\/span>\n<\/a>\n[\/vc_column][\/vc_row]<\/p>\n<\/div>","protected":false},"excerpt":{"rendered":"<p>[vc_row enable_gradient=&#8221;yes&#8221; css=&#8221;.vc_custom_1684509403467{padding-top: 90px !important;padding-bottom: 30px !important;}&#8221; gradient_bg=&#8221;linear-gradient(90deg, rgba(0,0,0,0.1) 60%, rgba(255,255,255,0) 60%)&#8221;][vc_column align=&#8221;text-left&#8221;][vc_empty_space][vc_empty_space][\/vc_column][vc_column align=&#8221;text-center&#8221;][\/vc_column][\/vc_row][vc_row bg_position=&#8221;right&#8230;<\/p>\n","protected":false},"author":2,"featured_media":0,"parent":0,"menu_order":0,"comment_status":"closed","ping_status":"closed","template":"","meta":{"om_disable_all_campaigns":false,"_monsterinsights_skip_tracking":false,"_monsterinsights_sitenote_active":false,"_monsterinsights_sitenote_note":"","_monsterinsights_sitenote_category":0,"_uf_show_specific_survey":0,"_uf_disable_surveys":false,"footnotes":""},"class_list":["post-7361","page","type-page","status-publish","hentry"],"aioseo_notices":[],"_links":{"self":[{"href":"https:\/\/www.tabique.pt\/index.php\/wp-json\/wp\/v2\/pages\/7361","targetHints":{"allow":["GET"]}}],"collection":[{"href":"https:\/\/www.tabique.pt\/index.php\/wp-json\/wp\/v2\/pages"}],"about":[{"href":"https:\/\/www.tabique.pt\/index.php\/wp-json\/wp\/v2\/types\/page"}],"author":[{"embeddable":true,"href":"https:\/\/www.tabique.pt\/index.php\/wp-json\/wp\/v2\/users\/2"}],"replies":[{"embeddable":true,"href":"https:\/\/www.tabique.pt\/index.php\/wp-json\/wp\/v2\/comments?post=7361"}],"version-history":[{"count":16,"href":"https:\/\/www.tabique.pt\/index.php\/wp-json\/wp\/v2\/pages\/7361\/revisions"}],"predecessor-version":[{"id":7796,"href":"https:\/\/www.tabique.pt\/index.php\/wp-json\/wp\/v2\/pages\/7361\/revisions\/7796"}],"wp:attachment":[{"href":"https:\/\/www.tabique.pt\/index.php\/wp-json\/wp\/v2\/media?parent=7361"}],"curies":[{"name":"wp","href":"https:\/\/api.w.org\/{rel}","templated":true}]}}