{"id":8098,"date":"2023-06-12T15:56:54","date_gmt":"2023-06-12T15:56:54","guid":{"rendered":"https:\/\/www.tabique.pt\/?page_id=8098"},"modified":"2023-05-19T15:08:18","modified_gmt":"2023-05-19T15:08:18","slug":"arqueologia","status":"publish","type":"page","link":"https:\/\/www.tabique.pt\/index.php\/servicos\/arqueologia\/","title":{"rendered":"Arqueologia"},"content":{"rendered":"<div class=\"wpb-content-wrapper\"><p>[vc_row gap=&#8221;35&#8243; enable_gradient=&#8221;yes&#8221; css=&#8221;.vc_custom_1684508897801{padding-top: 90px !important;padding-bottom: 30px !important;}&#8221; gradient_bg=&#8221;linear-gradient(90deg, rgba(0,0,0,0.1) 60%, rgba(255,255,255,0) 60%)&#8221;][vc_column width=&#8221;2\/3&#8243;]<style>.ld_fancy_heading_69dfe343beb71 .lqd-highlight-inner{height:0.275em;bottom:0px;}<\/style><div class=\"ld-fancy-heading ld_fancy_heading_69dfe343beb71\">\n\t<h3 class=\"lqd-highlight-underline lqd-highlight-grow-left\" ><span class=\"ld-fh-txt\"> Acompanhamento Arqueol\u00f3gico e Fiscaliza\u00e7\u00e3o em Obra<\/span><\/h3><\/div>[vc_empty_space]<style>.ld_icon_box_69dfe343becb1 .iconbox-icon-container{width:20px !important;height:20px !important;border-radius:px;}.ld_icon_box_69dfe343becb1 h3{margin-bottom:px;font-size:16px;}<\/style>\n<div class=\"iconbox iconbox-inline iconbox-circle iconbox-xs ld_icon_box_69dfe343becb1\" id=\"ld_icon_box_69dfe343becb1\"   >\n\t\n\t\t<div class=\"iconbox-icon-wrap\"><span class=\"iconbox-icon-container\"><i class=\"icon-ion-ios-checkmark\"><\/i><\/span><\/div><!-- \/.iconbox-icon-wrap -->\t\n\t<h3 class=\"font-weight-normal\" >\u00c9 uma medida de minimiza\u00e7\u00e3o realizada durante a implanta\u00e7\u00e3o de projetos de obras. Realiza-se atrav\u00e9s da observa\u00e7\u00e3o dos trabalhos quer manuais quer mec\u00e2nicos de movimentos de terra no subsolo, levantamento de pavimentos, desmonte de paredes, picagens e em meio aqu\u00e1tico.<\/h3>\t\n\t\t\n\t\t\t\t\n\t\t\n\t\n<\/div>\n<style>.ld_icon_box_69dfe343c2d71 .iconbox-icon-container{width:20px !important;height:20px !important;border-radius:px;}.ld_icon_box_69dfe343c2d71 h3{margin-bottom:px;font-size:16px;}<\/style>\n<div class=\"iconbox iconbox-inline iconbox-circle iconbox-xs ld_icon_box_69dfe343c2d71\" id=\"ld_icon_box_69dfe343c2d71\"   >\n\t\n\t\t<div class=\"iconbox-icon-wrap\"><span class=\"iconbox-icon-container\"><i class=\"icon-ion-ios-checkmark\"><\/i><\/span><\/div><!-- \/.iconbox-icon-wrap -->\t\n\t<h3 class=\"font-weight-normal\" >Permite garantir o rigor legal de todos os aspetos relacionados com a realiza\u00e7\u00e3o de trabalhos arqueol\u00f3gicos no decorrer de um projeto, de forma a garantir uma correla\u00e7\u00e3o entre donos de obra, projetistas, empreiteiros, conservadores-restauradores, arque\u00f3logos e as entidades tutelares do Patrim\u00f3nio.<\/h3>\t\n\t\t\n\t\t\t\t\n\t\t\n\t\n<\/div>\n[\/vc_column][vc_column width=&#8221;1\/3&#8243; align=&#8221;text-left&#8221; css=&#8221;.vc_custom_1678459997991{padding-top: 30px !important;padding-right: 5% !important;padding-bottom: 30px !important;padding-left: 9% !important;background-color: #c9c9c9 !important;}&#8221;]<style>.ld_fancy_heading_69dfe343c6bf9 .lqd-highlight-inner{height:0.275em;bottom:0px;}<\/style><div class=\"ld-fancy-heading ld_fancy_heading_69dfe343c6bf9\">\n\t<h5 class=\"lqd-highlight-underline lqd-highlight-grow-left\" ><span class=\"ld-fh-txt\"> Outros Servi\u00e7os<\/span><\/h5><\/div>[vc_empty_space][vc_widget_sidebar sidebar_id=&#8221;main&#8221;][\/vc_column][\/vc_row][vc_row bg_position=&#8221;right top&#8221; css=&#8221;.vc_custom_1678795136335{padding-top: 100px !important;padding-bottom: 100px !important;background-image: url(https:\/\/www.tabique.pt\/wp-content\/uploads\/2022\/10\/projetos_BG.png?id=7002) !important;background-position: 0 0 !important;background-repeat: no-repeat !important;}&#8221; el_id=&#8221;home_projetos&#8221; el_class=&#8221;icons_home_1&#8243;][vc_column align=&#8221;text-left&#8221;]<style>.ld_portfolio_listing_69dfe343cac63 .liquid-filter-items{margin-bottom:50px;}.ld_portfolio_listing_69dfe343cac63 .grid-69dfe343cb2f1{margin-left:-15px;margin-right:-15px;}.ld_portfolio_listing_69dfe343cac63 .grid-69dfe343cb2f1 .masonry-item{padding-left:15px;padding-right:15px;}<\/style><div class=\"liquid-portfolio-list ld_portfolio_listing_69dfe343cac63 1678450946621-4ec4119f-e0d9 \"><div id=\"grid-69dfe343cb2f1\" class=\"row liquid-portfolio-list-row grid-69dfe343cb2f1\" data-liquid-masonry=\"true\" data-masonry-options='{ \"layoutMode\": \"fitRows\" }' ><div class=\"col-md-4 col-sm-6 col-xs-12 masonry-item geotecnia infraestruturas\">\n\t<article id=\"post-7928\" class=\"ld-pf-item ld-pf-light pf-details-inside pf-details-full pf-details-h-mid pf-details-v-mid pf-hover-masktext post-7928 liquid-portfolio type-liquid-portfolio status-publish format-standard has-post-thumbnail hentry liquid-portfolio-category-geotecnia liquid-portfolio-category-infraestruturas\">\n\t\t<div class=\"ld-pf-inner\">\n\n\t\t\t<div class=\"ld-pf-image\">\t\t\t\t\n\t\t\t\t<figure data-responsive-bg=\"true\" data-responsive-bg=\"true\" data-parallax=\"true\" data-parallax-options='{ \"parallaxBG\": true }'><img loading=\"lazy\" decoding=\"async\" width=\"740\" height=\"600\" src=\"data:image\/svg+xml;charset=utf-8,&lt;svg xmlns%3D&#039;http%3A%2F%2Fwww.w3.org%2F2000%2Fsvg&#039; viewBox%3D&#039;0 0 740 600&#039;%2F&gt;\" class=\"attachment-liquid-portfolio size-liquid-portfolio ld-lazyload wp-post-image\" alt=\"\" data-src=\"https:\/\/www.tabique.pt\/wp-content\/uploads\/2023\/03\/Estabilizacao-de-Taludes-da-Pedreira-do-Bom-Jesus-740x600.jpg\" data-aspect=\"1.2333333333333\" srcset=\"\" \/><\/figure>\t\t\t<\/div><!-- \/.ld-pf-image -->\n\n\t\t\t<div class=\"ld-pf-bg\"><\/div><!-- \/.ld-pf-bg -->\n\n\t\t\t<div class=\"ld-pf-details\" data-custom-animations=\"true\" data-ca-options='{ \"triggerHandler\": \"mouseenter\", \"triggerTarget\": \".ld-pf-item\", \"triggerRelation\": \"closest\", \"offTriggerHandler\": \"mouseleave\", \"animationTarget\": \".split-inner\", \"startDelay\": 80, \"duration\": 650, \"delay\": 150, \"initValues\": { \"translateY\": \"150%\" }, \"animations\": { \"translateY\": \"0\", \"rotateX\": 0 } }'>\n\n\t\t\t\t<div class=\"ld-pf-details-inner\">\n\n\t\t\t\t\t<h3 class=\"ld-pf-title h4 text-uppercase\" data-split-text=\"true\" data-split-options='{ \"type\": \"lines\" }'>Estabiliza\u00e7\u00e3o de Taludes da Pedreira do Bom Jesus<\/h3>\t\t\t\t\t\n\t\t\t\t\t<div class=\"ld-pf-category size-sm\"><a href=\"https:\/\/www.tabique.pt\/index.php\/portfolio-category\/geotecnia\/\" class=\"text-uppercase ltr-sp-1\" data-split-text=\"true\" data-split-options='{ \"type\": \"lines\" }'>Geotecnia<\/a><\/div>\n\t\t\t\t<\/div><!-- \/.ld-pf-details-inner -->\n\n\t\t\t<\/div><!-- \/.ld-pf-details -->\n\n\t\t\t<a class=\"liquid-overlay-link\" href=\"https:\/\/www.tabique.pt\/index.php\/portfolio\/estabilizacao-de-taludes-da-pedreira-do-bom-jesus\/\"><\/a>\n\t\t<\/div><!-- \/.ld-pf-inner -->\n\t<\/article><!-- \/.ld-pf-item -->\n<\/div><!-- \/.col-lg-4 col-md-6 --><\/div><!-- \/.liquid-portfolio-list-row --><\/div><!-- \/.liquid-portfolio-list -->[\/vc_column][\/vc_row][vc_row content_placement=&#8221;middle&#8221; parallax=&#8221;enable_parallax&#8221; css=&#8221;.vc_custom_1666186456411{padding-top: 92px !important;padding-bottom: 45px !important;background-image: url(https:\/\/www.tabique.pt\/wp-content\/uploads\/2022\/10\/cta.jpg?id=7232) !important;background-position: center;background-repeat: no-repeat;background-size: cover !important;}&#8221;][vc_column align=&#8221;text-center&#8221; offset=&#8221;vc_col-md-7&#8243; responsive_align=&#8221;text-md-left&#8221; css=&#8221;.vc_custom_1531743285914{margin-bottom: 45px !important;}&#8221;]<style>.ld_fancy_heading_69dfe343dddbd h2{font-size:24px;line-height:1.2em;font-weight:600;letter-spacing:-0.015em;color:rgb(255, 255, 255);}@media (min-width: 992px) { .ld_fancy_heading_69dfe343dddbd h2 {margin-bottom:0px !important;  }  } .ld_fancy_heading_69dfe343dddbd .lqd-highlight-inner{height:0.275em;bottom:0px;}@media (min-width: 992px) { .ld_fancy_heading_69dfe343dddbd h2 {margin-bottom:0px !important;  }  } <\/style><div class=\"ld-fancy-heading mask-text text-underline ld_fancy_heading_69dfe343dddbd\">\n\t<h2 class=\"lqd-highlight-underline lqd-highlight-grow-left\" data-fittext=\"true\" data-fittext-options='{\"compressor\":0.5,\"maxFontSize\":\"currentFontSize\",\"minFontSize\":\"25\"}' data-split-text=\"true\" data-custom-animations=\"true\" data-ca-options='{\"triggerHandler\":\"inview\",\"animationTarget\":\".lqd-lines .split-inner\",\"duration\":700,\"delay\":100,\"easing\":\"easeOutQuint\",\"direction\":\"forward\",\"initValues\":{\"translateY\":84,\"rotateZ\":10},\"animations\":{\"translateY\":0,\"rotateZ\":0}}' data-split-options='{\"type\":\"lines\"}'><span class=\"ld-fh-txt\"> Pretende alguma Solu\u00e7\u00e3o \u00e0 medida?<br \/>\n<span style=\"text-decoration: underline\">Vamos trabalhar juntos<\/span><\/span><\/h2><\/div>[\/vc_column][vc_column enable_content_animation=&#8221;yes&#8221; ca_init_scale_x=&#8221;1&#8243; ca_init_scale_y=&#8221;1&#8243; ca_init_scale_z=&#8221;1&#8243; ca_init_opacity=&#8221;0&#8243; ca_an_scale_x=&#8221;1&#8243; ca_an_scale_y=&#8221;1&#8243; ca_an_scale_z=&#8221;1&#8243; ca_an_opacity=&#8221;1&#8243; align=&#8221;text-center&#8221; offset=&#8221;vc_col-md-offset-2 vc_col-md-3&#8243; ca_init_translate_y=&#8221;39&#8243; responsive_align=&#8221;text-md-right&#8221;]<style>.ld_button_69dfe343dded8.btn-icon-solid .btn-icon{background:rgb(255, 255, 255);}.ld_button_69dfe343dded8.btn-icon-circle.btn-icon-ripple .btn-icon:before{border-color:rgb(255, 255, 255);}.ld_button_69dfe343dded8.btn-icon-solid:hover .btn-icon{background:rgb(0, 0, 0);}.ld_button_69dfe343dded8{background-color:rgb(255, 255, 255);border-color:rgb(255, 255, 255);color:rgb(0, 0, 0);font-size:16px !important;letter-spacing:0.01em !important;}.ld_button_69dfe343dded8:hover{background-color:rgb(0, 0, 0);border-color:rgb(0, 0, 0);}.ld_button_69dfe343dded8 .btn-gradient-bg-hover{background:-webkit-linear-gradient(to right, rgb(0, 0, 0) 0%, rgb(0, 0, 0) 100%);background:linear-gradient(to right, rgb(0, 0, 0) 0%, rgb(0, 0, 0) 100%);}.ld_button_69dfe343dded8 .btn-gradient-border defs stop:first-child{stop-color:rgb(255, 255, 255);}.ld_button_69dfe343dded8 .btn-gradient-border defs stop:last-child{stop-color:rgb(255, 255, 255);}.ld_button_69dfe343dded8:hover .btn-gradient-border defs stop:first-child{stop-color:rgb(0, 0, 0);}.ld_button_69dfe343dded8:hover .btn-gradient-border defs stop:last-child{stop-color:rgb(0, 0, 0);}<\/style><a href=\"https:\/\/www.tabique.pt\/index.php\/contactos-pt\/\" title=\"Contactos\" class=\"btn btn-solid semi-round btn-bordered border-thin ld_button_69dfe343dded8 vc_custom_1678717272974\">\n\t<span>\n\t\t\n\t\t\t\t\t<span class=\"btn-txt\">Contacte-nos<\/span>\n\t\t\t\n\t\t\t\t<\/span>\n<\/a>\n[\/vc_column][\/vc_row]<\/p>\n<\/div>","protected":false},"excerpt":{"rendered":"<p>[vc_row gap=&#8221;35&#8243; enable_gradient=&#8221;yes&#8221; css=&#8221;.vc_custom_1684508897801{padding-top: 90px !important;padding-bottom: 30px !important;}&#8221; gradient_bg=&#8221;linear-gradient(90deg, rgba(0,0,0,0.1) 60%, rgba(255,255,255,0) 60%)&#8221;][vc_column width=&#8221;2\/3&#8243;][vc_empty_space][\/vc_column][vc_column width=&#8221;1\/3&#8243;&#8230;<\/p>\n","protected":false},"author":2,"featured_media":0,"parent":8017,"menu_order":0,"comment_status":"closed","ping_status":"closed","template":"","meta":{"om_disable_all_campaigns":false,"_monsterinsights_skip_tracking":false,"_monsterinsights_sitenote_active":false,"_monsterinsights_sitenote_note":"","_monsterinsights_sitenote_category":0,"_uf_show_specific_survey":0,"_uf_disable_surveys":false,"footnotes":""},"class_list":["post-8098","page","type-page","status-publish","hentry"],"aioseo_notices":[],"_links":{"self":[{"href":"https:\/\/www.tabique.pt\/index.php\/wp-json\/wp\/v2\/pages\/8098","targetHints":{"allow":["GET"]}}],"collection":[{"href":"https:\/\/www.tabique.pt\/index.php\/wp-json\/wp\/v2\/pages"}],"about":[{"href":"https:\/\/www.tabique.pt\/index.php\/wp-json\/wp\/v2\/types\/page"}],"author":[{"embeddable":true,"href":"https:\/\/www.tabique.pt\/index.php\/wp-json\/wp\/v2\/users\/2"}],"replies":[{"embeddable":true,"href":"https:\/\/www.tabique.pt\/index.php\/wp-json\/wp\/v2\/comments?post=8098"}],"version-history":[{"count":5,"href":"https:\/\/www.tabique.pt\/index.php\/wp-json\/wp\/v2\/pages\/8098\/revisions"}],"predecessor-version":[{"id":8407,"href":"https:\/\/www.tabique.pt\/index.php\/wp-json\/wp\/v2\/pages\/8098\/revisions\/8407"}],"up":[{"embeddable":true,"href":"https:\/\/www.tabique.pt\/index.php\/wp-json\/wp\/v2\/pages\/8017"}],"wp:attachment":[{"href":"https:\/\/www.tabique.pt\/index.php\/wp-json\/wp\/v2\/media?parent=8098"}],"curies":[{"name":"wp","href":"https:\/\/api.w.org\/{rel}","templated":true}]}}