{"id":8628,"date":"2023-06-12T15:47:35","date_gmt":"2023-06-12T15:47:35","guid":{"rendered":"https:\/\/www.tabique.pt\/?page_id=8628"},"modified":"2023-06-13T11:52:34","modified_gmt":"2023-06-13T11:52:34","slug":"quality-environment-safety-and-social-responsibility-management","status":"publish","type":"page","link":"https:\/\/www.tabique.pt\/index.php\/en\/services\/quality-environment-safety-and-social-responsibility-management\/","title":{"rendered":"Quality, Environment, Safety and Social Responsibility Management"},"content":{"rendered":"<div class=\"wpb-content-wrapper\"><p>[vc_row gap=&#8221;35&#8243; enable_gradient=&#8221;yes&#8221; css=&#8221;.vc_custom_1684508833150{padding-top: 90px !important;padding-bottom: 30px !important;}&#8221; gradient_bg=&#8221;linear-gradient(90deg, rgba(0,0,0,0.1) 60%, rgba(255,255,255,0) 60%)&#8221;][vc_column width=&#8221;2\/3&#8243;]<style>.ld_fancy_heading_69df34e499cbe .lqd-highlight-inner{height:0.275em;bottom:0px;}<\/style><div class=\"ld-fancy-heading ld_fancy_heading_69df34e499cbe\">\n\t<h3 class=\"lqd-highlight-underline lqd-highlight-grow-left\" ><span class=\"ld-fh-txt\"> Provision of services in the area of quality, environment, safety and social responsibility.<\/span><\/h3><\/div>[vc_empty_space]<style>.ld_icon_box_69df34e499df5 .iconbox-icon-container{width:20px !important;height:20px !important;border-radius:px;}.ld_icon_box_69df34e499df5 h3{margin-bottom:px;font-size:16px;}<\/style>\n<div class=\"iconbox iconbox-inline iconbox-circle iconbox-xs ld_icon_box_69df34e499df5\" id=\"ld_icon_box_69df34e499df5\"   >\n\t\n\t\t<div class=\"iconbox-icon-wrap\"><span class=\"iconbox-icon-container\"><i class=\"icon-ion-ios-checkmark\"><\/i><\/span><\/div><!-- \/.iconbox-icon-wrap -->\t\n\t<h3 class=\"font-weight-normal\" >Perform quality management plans<\/h3>\t\n\t\t\n\t\t\t\t\n\t\t\n\t\n<\/div>\n<style>.ld_icon_box_69df34e49dc3e .iconbox-icon-container{width:20px !important;height:20px !important;border-radius:px;}.ld_icon_box_69df34e49dc3e h3{margin-bottom:px;font-size:16px;}<\/style>\n<div class=\"iconbox iconbox-inline iconbox-circle iconbox-xs ld_icon_box_69df34e49dc3e\" id=\"ld_icon_box_69df34e49dc3e\"   >\n\t\n\t\t<div class=\"iconbox-icon-wrap\"><span class=\"iconbox-icon-container\"><i class=\"icon-ion-ios-checkmark\"><\/i><\/span><\/div><!-- \/.iconbox-icon-wrap -->\t\n\t<h3 class=\"font-weight-normal\" >Contract and Control Management<\/h3>\t\n\t\t\n\t\t\t\t\n\t\t\n\t\n<\/div>\n<style>.ld_icon_box_69df34e4a19da .iconbox-icon-container{width:20px !important;height:20px !important;border-radius:px;}.ld_icon_box_69df34e4a19da h3{margin-bottom:px;font-size:16px;}<\/style>\n<div class=\"iconbox iconbox-inline iconbox-circle iconbox-xs ld_icon_box_69df34e4a19da\" id=\"ld_icon_box_69df34e4a19da\"   >\n\t\n\t\t<div class=\"iconbox-icon-wrap\"><span class=\"iconbox-icon-container\"><i class=\"icon-ion-ios-checkmark\"><\/i><\/span><\/div><!-- \/.iconbox-icon-wrap -->\t\n\t<h3 class=\"font-weight-normal\" >Waste management<\/h3>\t\n\t\t\n\t\t\t\t\n\t\t\n\t\n<\/div>\n<style>.ld_icon_box_69df34e4a1b1e .iconbox-icon-container{width:20px !important;height:20px !important;border-radius:px;}.ld_icon_box_69df34e4a1b1e h3{margin-bottom:px;font-size:16px;}<\/style>\n<div class=\"iconbox iconbox-inline iconbox-circle iconbox-xs ld_icon_box_69df34e4a1b1e\" id=\"ld_icon_box_69df34e4a1b1e\"   >\n\t\n\t\t<div class=\"iconbox-icon-wrap\"><span class=\"iconbox-icon-container\"><i class=\"icon-ion-ios-checkmark\"><\/i><\/span><\/div><!-- \/.iconbox-icon-wrap -->\t\n\t<h3 class=\"font-weight-normal\" >Environmental management in the design and construction phases<\/h3>\t\n\t\t\n\t\t\t\t\n\t\t\n\t\n<\/div>\n<style>.ld_icon_box_69df34e4a1bad .iconbox-icon-container{width:20px !important;height:20px !important;border-radius:px;}.ld_icon_box_69df34e4a1bad h3{margin-bottom:px;font-size:16px;}<\/style>\n<div class=\"iconbox iconbox-inline iconbox-circle iconbox-xs ld_icon_box_69df34e4a1bad\" id=\"ld_icon_box_69df34e4a1bad\"   >\n\t\n\t\t<div class=\"iconbox-icon-wrap\"><span class=\"iconbox-icon-container\"><i class=\"icon-ion-ios-checkmark\"><\/i><\/span><\/div><!-- \/.iconbox-icon-wrap -->\t\n\t<h3 class=\"font-weight-normal\" >Environmental control and monitoring on site.<\/h3>\t\n\t\t\n\t\t\t\t\n\t\t\n\t\n<\/div>\n[\/vc_column][vc_column width=&#8221;1\/3&#8243; align=&#8221;text-left&#8221; css=&#8221;.vc_custom_1678459997991{padding-top: 30px !important;padding-right: 5% !important;padding-bottom: 30px !important;padding-left: 9% !important;background-color: #c9c9c9 !important;}&#8221;]<style>.ld_fancy_heading_69df34e4a1c14 .lqd-highlight-inner{height:0.275em;bottom:0px;}<\/style><div class=\"ld-fancy-heading ld_fancy_heading_69df34e4a1c14\">\n\t<h5 class=\"lqd-highlight-underline lqd-highlight-grow-left\" ><span class=\"ld-fh-txt\"> Other Services<\/span><\/h5><\/div>[vc_empty_space][vc_widget_sidebar sidebar_id=&#8221;main&#8221;][\/vc_column][\/vc_row][vc_row bg_position=&#8221;right top&#8221; css=&#8221;.vc_custom_1678794875731{background-image: url(https:\/\/www.tabique.pt\/wp-content\/uploads\/2022\/10\/projetos_BG.png?id=7002) !important;background-position: 0 0 !important;background-repeat: no-repeat !important;}&#8221; el_id=&#8221;home_projetos&#8221; el_class=&#8221;icons_home_1&#8243;][vc_column align=&#8221;text-left&#8221;]<style>.ld_portfolio_listing_69df34e4a55e3 .liquid-filter-items{margin-bottom:50px;}.ld_portfolio_listing_69df34e4a55e3 .grid-69df34e4a5def{margin-left:-15px;margin-right:-15px;}.ld_portfolio_listing_69df34e4a55e3 .grid-69df34e4a5def .masonry-item{padding-left:15px;padding-right:15px;}<\/style><div class=\"liquid-portfolio-list ld_portfolio_listing_69df34e4a55e3 1678450946621-4ec4119f-e0d9 \"><div id=\"grid-69df34e4a5def\" class=\"row liquid-portfolio-list-row grid-69df34e4a5def\" data-liquid-masonry=\"true\" data-masonry-options='{ \"layoutMode\": \"fitRows\" }' ><div class=\"col-md-4 col-sm-6 col-xs-12 masonry-item energias infraestruturas\">\n\t<article id=\"post-7939\" class=\"ld-pf-item ld-pf-light pf-details-inside pf-details-full pf-details-h-mid pf-details-v-mid pf-hover-masktext post-7939 liquid-portfolio type-liquid-portfolio status-publish format-standard has-post-thumbnail hentry liquid-portfolio-category-energias liquid-portfolio-category-infraestruturas\">\n\t\t<div class=\"ld-pf-inner\">\n\n\t\t\t<div class=\"ld-pf-image\">\t\t\t\t\n\t\t\t\t<figure data-responsive-bg=\"true\" data-responsive-bg=\"true\" data-parallax=\"true\" data-parallax-options='{ \"parallaxBG\": true }'><img loading=\"lazy\" decoding=\"async\" width=\"740\" height=\"600\" src=\"data:image\/svg+xml;charset=utf-8,&lt;svg xmlns%3D&#039;http%3A%2F%2Fwww.w3.org%2F2000%2Fsvg&#039; viewBox%3D&#039;0 0 740 600&#039;%2F&gt;\" class=\"attachment-liquid-portfolio size-liquid-portfolio ld-lazyload wp-post-image\" alt=\"\" data-src=\"https:\/\/www.tabique.pt\/wp-content\/uploads\/2023\/03\/Central-Solar-Fotovoltaica-Cotovio-Portimao-destaque-740x600.jpg\" data-aspect=\"1.2333333333333\" srcset=\"\" \/><\/figure>\t\t\t<\/div><!-- \/.ld-pf-image -->\n\n\t\t\t<div class=\"ld-pf-bg\"><\/div><!-- \/.ld-pf-bg -->\n\n\t\t\t<div class=\"ld-pf-details\" data-custom-animations=\"true\" data-ca-options='{ \"triggerHandler\": \"mouseenter\", \"triggerTarget\": \".ld-pf-item\", \"triggerRelation\": \"closest\", \"offTriggerHandler\": \"mouseleave\", \"animationTarget\": \".split-inner\", \"startDelay\": 80, \"duration\": 650, \"delay\": 150, \"initValues\": { \"translateY\": \"150%\" }, \"animations\": { \"translateY\": \"0\", \"rotateX\": 0 } }'>\n\n\t\t\t\t<div class=\"ld-pf-details-inner\">\n\n\t\t\t\t\t<h3 class=\"ld-pf-title h4 text-uppercase\" data-split-text=\"true\" data-split-options='{ \"type\": \"lines\" }'>Central Solar Fotovoltaica &#8211; Cotovio, Portim\u00e3o<\/h3>\t\t\t\t\t\n\t\t\t\t\t<div class=\"ld-pf-category size-sm\"><a href=\"https:\/\/www.tabique.pt\/index.php\/portfolio-category\/energias\/\" class=\"text-uppercase ltr-sp-1\" data-split-text=\"true\" data-split-options='{ \"type\": \"lines\" }'>Energias<\/a><\/div>\n\t\t\t\t<\/div><!-- \/.ld-pf-details-inner -->\n\n\t\t\t<\/div><!-- \/.ld-pf-details -->\n\n\t\t\t<a class=\"liquid-overlay-link\" href=\"https:\/\/www.tabique.pt\/index.php\/portfolio\/central-solar-fotovoltaica-cotovio-portimao\/\"><\/a>\n\t\t<\/div><!-- \/.ld-pf-inner -->\n\t<\/article><!-- \/.ld-pf-item -->\n<\/div><!-- \/.col-lg-4 col-md-6 --><div class=\"col-md-4 col-sm-6 col-xs-12 masonry-item edificios industriais\">\n\t<article id=\"post-7979\" class=\"ld-pf-item ld-pf-light pf-details-inside pf-details-full pf-details-h-mid pf-details-v-mid pf-hover-masktext post-7979 liquid-portfolio type-liquid-portfolio status-publish format-standard has-post-thumbnail hentry liquid-portfolio-category-edificios liquid-portfolio-category-industriais\">\n\t\t<div class=\"ld-pf-inner\">\n\n\t\t\t<div class=\"ld-pf-image\">\t\t\t\t\n\t\t\t\t<figure data-responsive-bg=\"true\" data-responsive-bg=\"true\" data-parallax=\"true\" data-parallax-options='{ \"parallaxBG\": true }'><img loading=\"lazy\" decoding=\"async\" width=\"740\" height=\"600\" src=\"data:image\/svg+xml;charset=utf-8,&lt;svg xmlns%3D&#039;http%3A%2F%2Fwww.w3.org%2F2000%2Fsvg&#039; viewBox%3D&#039;0 0 740 600&#039;%2F&gt;\" class=\"attachment-liquid-portfolio size-liquid-portfolio ld-lazyload wp-post-image\" alt=\"\" data-src=\"https:\/\/www.tabique.pt\/wp-content\/uploads\/2023\/03\/Fabricas-de-Transformacao-de-Madeira-em-Pellets-destaques-740x600.jpg\" data-aspect=\"1.2333333333333\" srcset=\"\" \/><\/figure>\t\t\t<\/div><!-- \/.ld-pf-image -->\n\n\t\t\t<div class=\"ld-pf-bg\"><\/div><!-- \/.ld-pf-bg -->\n\n\t\t\t<div class=\"ld-pf-details\" data-custom-animations=\"true\" data-ca-options='{ \"triggerHandler\": \"mouseenter\", \"triggerTarget\": \".ld-pf-item\", \"triggerRelation\": \"closest\", \"offTriggerHandler\": \"mouseleave\", \"animationTarget\": \".split-inner\", \"startDelay\": 80, \"duration\": 650, \"delay\": 150, \"initValues\": { \"translateY\": \"150%\" }, \"animations\": { \"translateY\": \"0\", \"rotateX\": 0 } }'>\n\n\t\t\t\t<div class=\"ld-pf-details-inner\">\n\n\t\t\t\t\t<h3 class=\"ld-pf-title h4 text-uppercase\" data-split-text=\"true\" data-split-options='{ \"type\": \"lines\" }'>F\u00e1bricas de Transforma\u00e7\u00e3o de Madeira em Pellets<\/h3>\t\t\t\t\t\n\t\t\t\t\t<div class=\"ld-pf-category size-sm\"><a href=\"https:\/\/www.tabique.pt\/index.php\/portfolio-category\/edificios\/\" class=\"text-uppercase ltr-sp-1\" data-split-text=\"true\" data-split-options='{ \"type\": \"lines\" }'>Edif\u00edcios<\/a><\/div>\n\t\t\t\t<\/div><!-- \/.ld-pf-details-inner -->\n\n\t\t\t<\/div><!-- \/.ld-pf-details -->\n\n\t\t\t<a class=\"liquid-overlay-link\" href=\"https:\/\/www.tabique.pt\/index.php\/portfolio\/fabricas-de-transformacao-de-madeira-em-pellets\/\"><\/a>\n\t\t<\/div><!-- \/.ld-pf-inner -->\n\t<\/article><!-- \/.ld-pf-item -->\n<\/div><!-- \/.col-lg-4 col-md-6 --><div class=\"col-md-4 col-sm-6 col-xs-12 masonry-item hidraulica trabalhos-fluviais-portos\">\n\t<article id=\"post-7952\" class=\"ld-pf-item ld-pf-light pf-details-inside pf-details-full pf-details-h-mid pf-details-v-mid pf-hover-masktext post-7952 liquid-portfolio type-liquid-portfolio status-publish format-standard has-post-thumbnail hentry liquid-portfolio-category-hidraulica liquid-portfolio-category-trabalhos-fluviais-portos\">\n\t\t<div class=\"ld-pf-inner\">\n\n\t\t\t<div class=\"ld-pf-image\">\t\t\t\t\n\t\t\t\t<figure data-responsive-bg=\"true\" data-responsive-bg=\"true\" data-parallax=\"true\" data-parallax-options='{ \"parallaxBG\": true }'><img loading=\"lazy\" decoding=\"async\" width=\"740\" height=\"600\" src=\"data:image\/svg+xml;charset=utf-8,&lt;svg xmlns%3D&#039;http%3A%2F%2Fwww.w3.org%2F2000%2Fsvg&#039; viewBox%3D&#039;0 0 740 600&#039;%2F&gt;\" class=\"attachment-liquid-portfolio size-liquid-portfolio ld-lazyload wp-post-image\" alt=\"\" data-src=\"https:\/\/www.tabique.pt\/wp-content\/uploads\/2023\/03\/Porto-Exterior-da-Corunha-Novas-Instalacoes-Portuarias-en-Punta-Langosteira-destaque-740x600.jpg\" data-aspect=\"1.2333333333333\" srcset=\"\" \/><\/figure>\t\t\t<\/div><!-- \/.ld-pf-image -->\n\n\t\t\t<div class=\"ld-pf-bg\"><\/div><!-- \/.ld-pf-bg -->\n\n\t\t\t<div class=\"ld-pf-details\" data-custom-animations=\"true\" data-ca-options='{ \"triggerHandler\": \"mouseenter\", \"triggerTarget\": \".ld-pf-item\", \"triggerRelation\": \"closest\", \"offTriggerHandler\": \"mouseleave\", \"animationTarget\": \".split-inner\", \"startDelay\": 80, \"duration\": 650, \"delay\": 150, \"initValues\": { \"translateY\": \"150%\" }, \"animations\": { \"translateY\": \"0\", \"rotateX\": 0 } }'>\n\n\t\t\t\t<div class=\"ld-pf-details-inner\">\n\n\t\t\t\t\t<h3 class=\"ld-pf-title h4 text-uppercase\" data-split-text=\"true\" data-split-options='{ \"type\": \"lines\" }'>Porto Exterior da Corunha \u2013 Novas Instala\u00e7\u00f5es Portu\u00e1rias en Punta Langosteira<\/h3>\t\t\t\t\t\n\t\t\t\t\t<div class=\"ld-pf-category size-sm\"><a href=\"https:\/\/www.tabique.pt\/index.php\/portfolio-category\/hidraulica\/\" class=\"text-uppercase ltr-sp-1\" data-split-text=\"true\" data-split-options='{ \"type\": \"lines\" }'>Hidr\u00e1ulica<\/a><\/div>\n\t\t\t\t<\/div><!-- \/.ld-pf-details-inner -->\n\n\t\t\t<\/div><!-- \/.ld-pf-details -->\n\n\t\t\t<a class=\"liquid-overlay-link\" href=\"https:\/\/www.tabique.pt\/index.php\/portfolio\/porto-exterior-da-corunha-novas-instalacoes-portuarias-en-punta-langosteira\/\"><\/a>\n\t\t<\/div><!-- \/.ld-pf-inner -->\n\t<\/article><!-- \/.ld-pf-item -->\n<\/div><!-- \/.col-lg-4 col-md-6 --><\/div><!-- \/.liquid-portfolio-list-row --><\/div><!-- \/.liquid-portfolio-list -->[\/vc_column][\/vc_row][vc_row content_placement=&#8221;middle&#8221; parallax=&#8221;enable_parallax&#8221; css=&#8221;.vc_custom_1666186456411{padding-top: 92px !important;padding-bottom: 45px !important;background-image: url(https:\/\/www.tabique.pt\/wp-content\/uploads\/2022\/10\/cta.jpg?id=7232) !important;background-position: center;background-repeat: no-repeat;background-size: cover !important;}&#8221;][vc_column align=&#8221;text-center&#8221; offset=&#8221;vc_col-md-7&#8243; responsive_align=&#8221;text-md-left&#8221; css=&#8221;.vc_custom_1531743285914{margin-bottom: 45px !important;}&#8221;]<style>.ld_fancy_heading_69df34e4c5990 h2{font-size:24px;line-height:1.2em;font-weight:600;letter-spacing:-0.015em;color:rgb(255, 255, 255);}@media (min-width: 992px) { .ld_fancy_heading_69df34e4c5990 h2 {margin-bottom:0px !important;  }  } .ld_fancy_heading_69df34e4c5990 .lqd-highlight-inner{height:0.275em;bottom:0px;}@media (min-width: 992px) { .ld_fancy_heading_69df34e4c5990 h2 {margin-bottom:0px !important;  }  } <\/style><div class=\"ld-fancy-heading mask-text text-underline ld_fancy_heading_69df34e4c5990\">\n\t<h2 class=\"lqd-highlight-underline lqd-highlight-grow-left\" data-fittext=\"true\" data-fittext-options='{\"compressor\":0.5,\"maxFontSize\":\"currentFontSize\",\"minFontSize\":\"25\"}' data-split-text=\"true\" data-custom-animations=\"true\" data-ca-options='{\"triggerHandler\":\"inview\",\"animationTarget\":\".lqd-lines .split-inner\",\"duration\":700,\"delay\":100,\"easing\":\"easeOutQuint\",\"direction\":\"forward\",\"initValues\":{\"translateY\":84,\"rotateZ\":10},\"animations\":{\"translateY\":0,\"rotateZ\":0}}' data-split-options='{\"type\":\"lines\"}'><span class=\"ld-fh-txt\"> Do you need any solution or specific service?<br \/>\n<span style=\"text-decoration: underline\">Let\u2019s work together<\/span><\/span><\/h2><\/div>[\/vc_column][vc_column enable_content_animation=&#8221;yes&#8221; ca_init_scale_x=&#8221;1&#8243; ca_init_scale_y=&#8221;1&#8243; ca_init_scale_z=&#8221;1&#8243; ca_init_opacity=&#8221;0&#8243; ca_an_scale_x=&#8221;1&#8243; ca_an_scale_y=&#8221;1&#8243; ca_an_scale_z=&#8221;1&#8243; ca_an_opacity=&#8221;1&#8243; align=&#8221;text-center&#8221; offset=&#8221;vc_col-md-offset-2 vc_col-md-3&#8243; ca_init_translate_y=&#8221;39&#8243; responsive_align=&#8221;text-md-right&#8221;]<style>.ld_button_69df34e4c5a74.btn-icon-solid .btn-icon{background:rgb(255, 255, 255);}.ld_button_69df34e4c5a74.btn-icon-circle.btn-icon-ripple .btn-icon:before{border-color:rgb(255, 255, 255);}.ld_button_69df34e4c5a74.btn-icon-solid:hover .btn-icon{background:rgb(0, 0, 0);}.ld_button_69df34e4c5a74{background-color:rgb(255, 255, 255);border-color:rgb(255, 255, 255);color:rgb(0, 0, 0);font-size:16px !important;letter-spacing:0.01em !important;}.ld_button_69df34e4c5a74:hover{background-color:rgb(0, 0, 0);border-color:rgb(0, 0, 0);}.ld_button_69df34e4c5a74 .btn-gradient-bg-hover{background:-webkit-linear-gradient(to right, rgb(0, 0, 0) 0%, rgb(0, 0, 0) 100%);background:linear-gradient(to right, rgb(0, 0, 0) 0%, rgb(0, 0, 0) 100%);}.ld_button_69df34e4c5a74 .btn-gradient-border defs stop:first-child{stop-color:rgb(255, 255, 255);}.ld_button_69df34e4c5a74 .btn-gradient-border defs stop:last-child{stop-color:rgb(255, 255, 255);}.ld_button_69df34e4c5a74:hover .btn-gradient-border defs stop:first-child{stop-color:rgb(0, 0, 0);}.ld_button_69df34e4c5a74:hover .btn-gradient-border defs stop:last-child{stop-color:rgb(0, 0, 0);}<\/style><a href=\"https:\/\/www.tabique.pt\/index.php\/en\/contacts\/\" title=\"Contacts\" class=\"btn btn-solid semi-round btn-bordered border-thin ld_button_69df34e4c5a74 vc_custom_1686657152379\">\n\t<span>\n\t\t\n\t\t\t\t\t<span class=\"btn-txt\">Contact us<\/span>\n\t\t\t\n\t\t\t\t<\/span>\n<\/a>\n[\/vc_column][\/vc_row]<\/p>\n<\/div>","protected":false},"excerpt":{"rendered":"<p>[vc_row gap=&#8221;35&#8243; enable_gradient=&#8221;yes&#8221; css=&#8221;.vc_custom_1684508833150{padding-top: 90px !important;padding-bottom: 30px !important;}&#8221; gradient_bg=&#8221;linear-gradient(90deg, rgba(0,0,0,0.1) 60%, rgba(255,255,255,0) 60%)&#8221;][vc_column width=&#8221;2\/3&#8243;][vc_empty_space][\/vc_column][vc_column width=&#8221;1\/3&#8243;&#8230;<\/p>\n","protected":false},"author":2,"featured_media":0,"parent":8573,"menu_order":0,"comment_status":"closed","ping_status":"closed","template":"","meta":{"om_disable_all_campaigns":false,"_monsterinsights_skip_tracking":false,"_monsterinsights_sitenote_active":false,"_monsterinsights_sitenote_note":"","_monsterinsights_sitenote_category":0,"_uf_show_specific_survey":0,"_uf_disable_surveys":false,"footnotes":""},"class_list":["post-8628","page","type-page","status-publish","hentry"],"aioseo_notices":[],"_links":{"self":[{"href":"https:\/\/www.tabique.pt\/index.php\/wp-json\/wp\/v2\/pages\/8628","targetHints":{"allow":["GET"]}}],"collection":[{"href":"https:\/\/www.tabique.pt\/index.php\/wp-json\/wp\/v2\/pages"}],"about":[{"href":"https:\/\/www.tabique.pt\/index.php\/wp-json\/wp\/v2\/types\/page"}],"author":[{"embeddable":true,"href":"https:\/\/www.tabique.pt\/index.php\/wp-json\/wp\/v2\/users\/2"}],"replies":[{"embeddable":true,"href":"https:\/\/www.tabique.pt\/index.php\/wp-json\/wp\/v2\/comments?post=8628"}],"version-history":[{"count":2,"href":"https:\/\/www.tabique.pt\/index.php\/wp-json\/wp\/v2\/pages\/8628\/revisions"}],"predecessor-version":[{"id":8704,"href":"https:\/\/www.tabique.pt\/index.php\/wp-json\/wp\/v2\/pages\/8628\/revisions\/8704"}],"up":[{"embeddable":true,"href":"https:\/\/www.tabique.pt\/index.php\/wp-json\/wp\/v2\/pages\/8573"}],"wp:attachment":[{"href":"https:\/\/www.tabique.pt\/index.php\/wp-json\/wp\/v2\/media?parent=8628"}],"curies":[{"name":"wp","href":"https:\/\/api.w.org\/{rel}","templated":true}]}}