{"id":8634,"date":"2023-06-12T16:14:33","date_gmt":"2023-06-12T16:14:33","guid":{"rendered":"https:\/\/www.tabique.pt\/?page_id=8634"},"modified":"2023-06-13T12:19:52","modified_gmt":"2023-06-13T12:19:52","slug":"surveys-and-evaluations","status":"publish","type":"page","link":"https:\/\/www.tabique.pt\/index.php\/en\/services\/surveys-and-evaluations\/","title":{"rendered":"Surveys and evaluations"},"content":{"rendered":"<div class=\"wpb-content-wrapper\"><p>[vc_row gap=&#8221;35&#8243; enable_gradient=&#8221;yes&#8221; css=&#8221;.vc_custom_1684508923798{padding-top: 90px !important;padding-bottom: 30px !important;}&#8221; gradient_bg=&#8221;linear-gradient(90deg, rgba(0,0,0,0.1) 60%, rgba(255,255,255,0) 60%)&#8221;][vc_column width=&#8221;2\/3&#8243;]<style>.ld_fancy_heading_69ff032207449 .lqd-highlight-inner{height:0.275em;bottom:0px;}<\/style><div class=\"ld-fancy-heading ld_fancy_heading_69ff032207449\">\n\t<h3 class=\"lqd-highlight-underline lqd-highlight-grow-left\" ><span class=\"ld-fh-txt\"> In the surveys we try to implement the concept of medicine in construction civil: observe, diagnose and foresee possible solutions. If necessary, they will measurements using test equipment.<\/span><\/h3><\/div>[vc_empty_space]<style>.ld_icon_box_69ff0322075c6 .iconbox-icon-container{width:20px !important;height:20px !important;border-radius:px;}.ld_icon_box_69ff0322075c6 h3{margin-bottom:px;font-size:16px;}<\/style>\n<div class=\"iconbox iconbox-inline iconbox-circle iconbox-xs ld_icon_box_69ff0322075c6\" id=\"ld_icon_box_69ff0322075c6\"   >\n\t\n\t\t<div class=\"iconbox-icon-wrap\"><span class=\"iconbox-icon-container\"><i class=\"icon-ion-ios-checkmark\"><\/i><\/span><\/div><!-- \/.iconbox-icon-wrap -->\t\n\t<h3 class=\"font-weight-normal\" >Survey and record construction pathologies;<\/h3>\t\n\t\t\n\t\t\t\t\n\t\t\n\t\n<\/div>\n<style>.ld_icon_box_69ff03220b459 .iconbox-icon-container{width:20px !important;height:20px !important;border-radius:px;}.ld_icon_box_69ff03220b459 h3{margin-bottom:px;font-size:16px;}<\/style>\n<div class=\"iconbox iconbox-inline iconbox-circle iconbox-xs ld_icon_box_69ff03220b459\" id=\"ld_icon_box_69ff03220b459\"   >\n\t\n\t\t<div class=\"iconbox-icon-wrap\"><span class=\"iconbox-icon-container\"><i class=\"icon-ion-ios-checkmark\"><\/i><\/span><\/div><!-- \/.iconbox-icon-wrap -->\t\n\t<h3 class=\"font-weight-normal\" >Carrying out measurements and tests (in specific situations, and whenever it proves to be If necessary, the tests will be carried out by independent and certified laboratories of recognized competence at national level);<\/h3>\t\n\t\t\n\t\t\t\t\n\t\t\n\t\n<\/div>\n<style>.ld_icon_box_69ff03220e946 .iconbox-icon-container{width:20px !important;height:20px !important;border-radius:px;}.ld_icon_box_69ff03220e946 h3{margin-bottom:px;font-size:16px;}<\/style>\n<div class=\"iconbox iconbox-inline iconbox-circle iconbox-xs ld_icon_box_69ff03220e946\" id=\"ld_icon_box_69ff03220e946\"   >\n\t\n\t\t<div class=\"iconbox-icon-wrap\"><span class=\"iconbox-icon-container\"><i class=\"icon-ion-ios-checkmark\"><\/i><\/span><\/div><!-- \/.iconbox-icon-wrap -->\t\n\t<h3 class=\"font-weight-normal\" >Verification of the materials and solutions compatibility adopted in the construction with the applicable regulations in force;<\/h3>\t\n\t\t\n\t\t\t\t\n\t\t\n\t\n<\/div>\n<style>.ld_icon_box_69ff03220eae8 .iconbox-icon-container{width:20px !important;height:20px !important;border-radius:px;}.ld_icon_box_69ff03220eae8 h3{margin-bottom:px;font-size:16px;}<\/style>\n<div class=\"iconbox iconbox-inline iconbox-circle iconbox-xs ld_icon_box_69ff03220eae8\" id=\"ld_icon_box_69ff03220eae8\"   >\n\t\n\t\t<div class=\"iconbox-icon-wrap\"><span class=\"iconbox-icon-container\"><i class=\"icon-ion-ios-checkmark\"><\/i><\/span><\/div><!-- \/.iconbox-icon-wrap -->\t\n\t<h3 class=\"font-weight-normal\" >Verification, exhaustive or by sampling, of compliance solutions and specifications defined in the projects;<\/h3>\t\n\t\t\n\t\t\t\t\n\t\t\n\t\n<\/div>\n<style>.ld_icon_box_69ff03220eba4 .iconbox-icon-container{width:20px !important;height:20px !important;border-radius:px;}.ld_icon_box_69ff03220eba4 h3{margin-bottom:px;font-size:16px;}<\/style>\n<div class=\"iconbox iconbox-inline iconbox-circle iconbox-xs ld_icon_box_69ff03220eba4\" id=\"ld_icon_box_69ff03220eba4\"   >\n\t\n\t\t<div class=\"iconbox-icon-wrap\"><span class=\"iconbox-icon-container\"><i class=\"icon-ion-ios-checkmark\"><\/i><\/span><\/div><!-- \/.iconbox-icon-wrap -->\t\n\t<h3 class=\"font-weight-normal\" >Analysis the causes associated with the pathologies detected, whether these are of natural origin or human;<\/h3>\t\n\t\t\n\t\t\t\t\n\t\t\n\t\n<\/div>\n<style>.ld_icon_box_69ff03220ec4f .iconbox-icon-container{width:20px !important;height:20px !important;border-radius:px;}.ld_icon_box_69ff03220ec4f h3{margin-bottom:px;font-size:16px;}<\/style>\n<div class=\"iconbox iconbox-inline iconbox-circle iconbox-xs ld_icon_box_69ff03220ec4f\" id=\"ld_icon_box_69ff03220ec4f\"   >\n\t\n\t\t<div class=\"iconbox-icon-wrap\"><span class=\"iconbox-icon-container\"><i class=\"icon-ion-ios-checkmark\"><\/i><\/span><\/div><!-- \/.iconbox-icon-wrap -->\t\n\t<h3 class=\"font-weight-normal\" >Elaboration of the technical expert report<\/h3>\t\n\t\t\n\t\t\t\t\n\t\t\n\t\n<\/div>\n[\/vc_column][vc_column width=&#8221;1\/3&#8243; align=&#8221;text-left&#8221; css=&#8221;.vc_custom_1678459997991{padding-top: 30px !important;padding-right: 5% !important;padding-bottom: 30px !important;padding-left: 9% !important;background-color: #c9c9c9 !important;}&#8221;]<style>.ld_fancy_heading_69ff03220ecc5 .lqd-highlight-inner{height:0.275em;bottom:0px;}<\/style><div class=\"ld-fancy-heading ld_fancy_heading_69ff03220ecc5\">\n\t<h5 class=\"lqd-highlight-underline lqd-highlight-grow-left\" ><span class=\"ld-fh-txt\"> Others services<\/span><\/h5><\/div>[vc_empty_space][vc_widget_sidebar sidebar_id=&#8221;main&#8221;][\/vc_column][\/vc_row][vc_row bg_position=&#8221;right top&#8221; css=&#8221;.vc_custom_1678795166925{background-image: url(https:\/\/www.tabique.pt\/wp-content\/uploads\/2022\/10\/projetos_BG.png?id=7002) !important;background-position: 0 0 !important;background-repeat: no-repeat !important;}&#8221; el_id=&#8221;home_projetos&#8221; el_class=&#8221;icons_home_1&#8243;][vc_column align=&#8221;text-left&#8221;]<style>.ld_portfolio_listing_69ff032212114 .liquid-filter-items{margin-bottom:50px;}.ld_portfolio_listing_69ff032212114 .grid-69ff03221292b{margin-left:-15px;margin-right:-15px;}.ld_portfolio_listing_69ff032212114 .grid-69ff03221292b .masonry-item{padding-left:15px;padding-right:15px;}<\/style><div class=\"liquid-portfolio-list ld_portfolio_listing_69ff032212114 1678450946621-4ec4119f-e0d9 \"><div id=\"grid-69ff03221292b\" class=\"row liquid-portfolio-list-row grid-69ff03221292b\" data-liquid-masonry=\"true\" data-masonry-options='{ \"layoutMode\": \"fitRows\" }' ><div class=\"col-md-4 col-sm-6 col-xs-12 masonry-item infraestruturas saneamento-e-abastecimento\">\n\t<article id=\"post-7871\" class=\"ld-pf-item ld-pf-light pf-details-inside pf-details-full pf-details-h-mid pf-details-v-mid pf-hover-masktext post-7871 liquid-portfolio type-liquid-portfolio status-publish format-standard has-post-thumbnail hentry liquid-portfolio-category-infraestruturas liquid-portfolio-category-saneamento-e-abastecimento\">\n\t\t<div class=\"ld-pf-inner\">\n\n\t\t\t<div class=\"ld-pf-image\">\t\t\t\t\n\t\t\t\t<figure data-responsive-bg=\"true\" data-responsive-bg=\"true\" data-parallax=\"true\" data-parallax-options='{ \"parallaxBG\": true }'><img loading=\"lazy\" decoding=\"async\" width=\"740\" height=\"600\" src=\"data:image\/svg+xml;charset=utf-8,&lt;svg xmlns%3D&#039;http%3A%2F%2Fwww.w3.org%2F2000%2Fsvg&#039; viewBox%3D&#039;0 0 740 600&#039;%2F&gt;\" class=\"attachment-liquid-portfolio size-liquid-portfolio ld-lazyload wp-post-image\" alt=\"\" data-src=\"https:\/\/www.tabique.pt\/wp-content\/uploads\/2023\/03\/Ampliacao-da-Estacao-Depuradora-de-aguas-Residuais-de-Lugo-740x600.jpg\" data-aspect=\"1.2333333333333\" srcset=\"\" \/><\/figure>\t\t\t<\/div><!-- \/.ld-pf-image -->\n\n\t\t\t<div class=\"ld-pf-bg\"><\/div><!-- \/.ld-pf-bg -->\n\n\t\t\t<div class=\"ld-pf-details\" data-custom-animations=\"true\" data-ca-options='{ \"triggerHandler\": \"mouseenter\", \"triggerTarget\": \".ld-pf-item\", \"triggerRelation\": \"closest\", \"offTriggerHandler\": \"mouseleave\", \"animationTarget\": \".split-inner\", \"startDelay\": 80, \"duration\": 650, \"delay\": 150, \"initValues\": { \"translateY\": \"150%\" }, \"animations\": { \"translateY\": \"0\", \"rotateX\": 0 } }'>\n\n\t\t\t\t<div class=\"ld-pf-details-inner\">\n\n\t\t\t\t\t<h3 class=\"ld-pf-title h4 text-uppercase\" data-split-text=\"true\" data-split-options='{ \"type\": \"lines\" }'>Amplia\u00e7\u00e3o da Esta\u00e7\u00e3o Depuradora de \u00c1guas Residuais de Lugo<\/h3>\t\t\t\t\t\n\t\t\t\t\t<div class=\"ld-pf-category size-sm\"><a href=\"https:\/\/www.tabique.pt\/index.php\/portfolio-category\/infraestruturas\/\" class=\"text-uppercase ltr-sp-1\" data-split-text=\"true\" data-split-options='{ \"type\": \"lines\" }'>Infraestruturas<\/a><\/div>\n\t\t\t\t<\/div><!-- \/.ld-pf-details-inner -->\n\n\t\t\t<\/div><!-- \/.ld-pf-details -->\n\n\t\t\t<a class=\"liquid-overlay-link\" href=\"https:\/\/www.tabique.pt\/index.php\/portfolio\/ampliacao-da-estacao-depuradora-de-aguas-residuais-de-lugo\/\"><\/a>\n\t\t<\/div><!-- \/.ld-pf-inner -->\n\t<\/article><!-- \/.ld-pf-item -->\n<\/div><!-- \/.col-lg-4 col-md-6 --><div class=\"col-md-4 col-sm-6 col-xs-12 masonry-item infraestruturas saneamento-e-abastecimento\">\n\t<article id=\"post-7878\" class=\"ld-pf-item ld-pf-light pf-details-inside pf-details-full pf-details-h-mid pf-details-v-mid pf-hover-masktext post-7878 liquid-portfolio type-liquid-portfolio status-publish format-standard has-post-thumbnail hentry liquid-portfolio-category-infraestruturas liquid-portfolio-category-saneamento-e-abastecimento\">\n\t\t<div class=\"ld-pf-inner\">\n\n\t\t\t<div class=\"ld-pf-image\">\t\t\t\t\n\t\t\t\t<figure data-responsive-bg=\"true\" data-responsive-bg=\"true\" data-parallax=\"true\" data-parallax-options='{ \"parallaxBG\": true }'><img loading=\"lazy\" decoding=\"async\" width=\"740\" height=\"600\" src=\"data:image\/svg+xml;charset=utf-8,&lt;svg xmlns%3D&#039;http%3A%2F%2Fwww.w3.org%2F2000%2Fsvg&#039; viewBox%3D&#039;0 0 740 600&#039;%2F&gt;\" class=\"attachment-liquid-portfolio size-liquid-portfolio ld-lazyload wp-post-image\" alt=\"\" data-src=\"https:\/\/www.tabique.pt\/wp-content\/uploads\/2023\/03\/Ampliacao-do-Reservatorio-da-Gloria-do-Ribatejo-740x600.jpg\" data-aspect=\"1.2333333333333\" srcset=\"\" \/><\/figure>\t\t\t<\/div><!-- \/.ld-pf-image -->\n\n\t\t\t<div class=\"ld-pf-bg\"><\/div><!-- \/.ld-pf-bg -->\n\n\t\t\t<div class=\"ld-pf-details\" data-custom-animations=\"true\" data-ca-options='{ \"triggerHandler\": \"mouseenter\", \"triggerTarget\": \".ld-pf-item\", \"triggerRelation\": \"closest\", \"offTriggerHandler\": \"mouseleave\", \"animationTarget\": \".split-inner\", \"startDelay\": 80, \"duration\": 650, \"delay\": 150, \"initValues\": { \"translateY\": \"150%\" }, \"animations\": { \"translateY\": \"0\", \"rotateX\": 0 } }'>\n\n\t\t\t\t<div class=\"ld-pf-details-inner\">\n\n\t\t\t\t\t<h3 class=\"ld-pf-title h4 text-uppercase\" data-split-text=\"true\" data-split-options='{ \"type\": \"lines\" }'>Amplia\u00e7\u00e3o do Reservat\u00f3rio da Gl\u00f3ria do Ribatejo<\/h3>\t\t\t\t\t\n\t\t\t\t\t<div class=\"ld-pf-category size-sm\"><a href=\"https:\/\/www.tabique.pt\/index.php\/portfolio-category\/infraestruturas\/\" class=\"text-uppercase ltr-sp-1\" data-split-text=\"true\" data-split-options='{ \"type\": \"lines\" }'>Infraestruturas<\/a><\/div>\n\t\t\t\t<\/div><!-- \/.ld-pf-details-inner -->\n\n\t\t\t<\/div><!-- \/.ld-pf-details -->\n\n\t\t\t<a class=\"liquid-overlay-link\" href=\"https:\/\/www.tabique.pt\/index.php\/portfolio\/ampliacao-do-reservatorio-da-gloria-do-ribatejo\/\"><\/a>\n\t\t<\/div><!-- \/.ld-pf-inner -->\n\t<\/article><!-- \/.ld-pf-item -->\n<\/div><!-- \/.col-lg-4 col-md-6 --><div class=\"col-md-4 col-sm-6 col-xs-12 masonry-item estradas-e-aeroportos infraestruturas\">\n\t<article id=\"post-7291\" class=\"ld-pf-item ld-pf-light pf-details-inside pf-details-full pf-details-h-mid pf-details-v-mid pf-hover-masktext post-7291 liquid-portfolio type-liquid-portfolio status-publish format-standard has-post-thumbnail hentry liquid-portfolio-category-estradas-e-aeroportos liquid-portfolio-category-infraestruturas\">\n\t\t<div class=\"ld-pf-inner\">\n\n\t\t\t<div class=\"ld-pf-image\">\t\t\t\t\n\t\t\t\t<figure data-responsive-bg=\"true\" data-responsive-bg=\"true\" data-parallax=\"true\" data-parallax-options='{ \"parallaxBG\": true }'><img loading=\"lazy\" decoding=\"async\" width=\"740\" height=\"600\" src=\"data:image\/svg+xml;charset=utf-8,&lt;svg xmlns%3D&#039;http%3A%2F%2Fwww.w3.org%2F2000%2Fsvg&#039; viewBox%3D&#039;0 0 740 600&#039;%2F&gt;\" class=\"attachment-liquid-portfolio size-liquid-portfolio ld-lazyload wp-post-image\" alt=\"\" srcset=\"\" sizes=\"auto, (max-width: 740px) 100vw, 740px\" data-src=\"https:\/\/www.tabique.pt\/wp-content\/uploads\/2022\/10\/1640021989338-e1676044781609-740x600.jpg\" data-srcset=\"https:\/\/www.tabique.pt\/wp-content\/uploads\/2022\/10\/1640021989338-e1676044781609-740x600.jpg 740w, https:\/\/www.tabique.pt\/wp-content\/uploads\/2022\/10\/1640021989338-e1676044781609-800x650.jpg 800w\" data-aspect=\"1.2333333333333\" \/><\/figure>\t\t\t<\/div><!-- \/.ld-pf-image -->\n\n\t\t\t<div class=\"ld-pf-bg\"><\/div><!-- \/.ld-pf-bg -->\n\n\t\t\t<div class=\"ld-pf-details\" data-custom-animations=\"true\" data-ca-options='{ \"triggerHandler\": \"mouseenter\", \"triggerTarget\": \".ld-pf-item\", \"triggerRelation\": \"closest\", \"offTriggerHandler\": \"mouseleave\", \"animationTarget\": \".split-inner\", \"startDelay\": 80, \"duration\": 650, \"delay\": 150, \"initValues\": { \"translateY\": \"150%\" }, \"animations\": { \"translateY\": \"0\", \"rotateX\": 0 } }'>\n\n\t\t\t\t<div class=\"ld-pf-details-inner\">\n\n\t\t\t\t\t<h3 class=\"ld-pf-title h4 text-uppercase\" data-split-text=\"true\" data-split-options='{ \"type\": \"lines\" }'>IP5 (A25) entre Vilar Formoso e a Fronteira<\/h3>\t\t\t\t\t\n\t\t\t\t\t<div class=\"ld-pf-category size-sm\"><a href=\"https:\/\/www.tabique.pt\/index.php\/portfolio-category\/estradas-e-aeroportos\/\" class=\"text-uppercase ltr-sp-1\" data-split-text=\"true\" data-split-options='{ \"type\": \"lines\" }'>Estradas e Aeroportos<\/a><\/div>\n\t\t\t\t<\/div><!-- \/.ld-pf-details-inner -->\n\n\t\t\t<\/div><!-- \/.ld-pf-details -->\n\n\t\t\t<a class=\"liquid-overlay-link\" href=\"https:\/\/www.tabique.pt\/index.php\/portfolio\/ip5-a25-entre-vilar-formoso-e-a-fronteira\/\"><\/a>\n\t\t<\/div><!-- \/.ld-pf-inner -->\n\t<\/article><!-- \/.ld-pf-item -->\n<\/div><!-- \/.col-lg-4 col-md-6 --><\/div><!-- \/.liquid-portfolio-list-row --><\/div><!-- \/.liquid-portfolio-list -->[\/vc_column][\/vc_row][vc_row content_placement=&#8221;middle&#8221; parallax=&#8221;enable_parallax&#8221; css=&#8221;.vc_custom_1666186456411{padding-top: 92px !important;padding-bottom: 45px !important;background-image: url(https:\/\/www.tabique.pt\/wp-content\/uploads\/2022\/10\/cta.jpg?id=7232) !important;background-position: center;background-repeat: no-repeat;background-size: cover !important;}&#8221;][vc_column align=&#8221;text-center&#8221; offset=&#8221;vc_col-md-7&#8243; responsive_align=&#8221;text-md-left&#8221; css=&#8221;.vc_custom_1531743285914{margin-bottom: 45px !important;}&#8221;]<style>.ld_fancy_heading_69ff03225134f h2{font-size:24px;line-height:1.2em;font-weight:600;letter-spacing:-0.015em;color:rgb(255, 255, 255);}@media (min-width: 992px) { .ld_fancy_heading_69ff03225134f h2 {margin-bottom:0px !important;  }  } .ld_fancy_heading_69ff03225134f .lqd-highlight-inner{height:0.275em;bottom:0px;}@media (min-width: 992px) { .ld_fancy_heading_69ff03225134f h2 {margin-bottom:0px !important;  }  } <\/style><div class=\"ld-fancy-heading mask-text text-underline ld_fancy_heading_69ff03225134f\">\n\t<h2 class=\"lqd-highlight-underline lqd-highlight-grow-left\" data-fittext=\"true\" data-fittext-options='{\"compressor\":0.5,\"maxFontSize\":\"currentFontSize\",\"minFontSize\":\"25\"}' data-split-text=\"true\" data-custom-animations=\"true\" data-ca-options='{\"triggerHandler\":\"inview\",\"animationTarget\":\".lqd-lines .split-inner\",\"duration\":700,\"delay\":100,\"easing\":\"easeOutQuint\",\"direction\":\"forward\",\"initValues\":{\"translateY\":84,\"rotateZ\":10},\"animations\":{\"translateY\":0,\"rotateZ\":0}}' data-split-options='{\"type\":\"lines\"}'><span class=\"ld-fh-txt\"> Do you need any solution or specific service?<br \/>\n<span style=\"text-decoration: underline\">Let\u2019s work together<\/span><\/span><\/h2><\/div>[\/vc_column][vc_column enable_content_animation=&#8221;yes&#8221; ca_init_scale_x=&#8221;1&#8243; ca_init_scale_y=&#8221;1&#8243; ca_init_scale_z=&#8221;1&#8243; ca_init_opacity=&#8221;0&#8243; ca_an_scale_x=&#8221;1&#8243; ca_an_scale_y=&#8221;1&#8243; ca_an_scale_z=&#8221;1&#8243; ca_an_opacity=&#8221;1&#8243; align=&#8221;text-center&#8221; offset=&#8221;vc_col-md-offset-2 vc_col-md-3&#8243; ca_init_translate_y=&#8221;39&#8243; responsive_align=&#8221;text-md-right&#8221;]<style>.ld_button_69ff032254b2e.btn-icon-solid .btn-icon{background:rgb(255, 255, 255);}.ld_button_69ff032254b2e.btn-icon-circle.btn-icon-ripple .btn-icon:before{border-color:rgb(255, 255, 255);}.ld_button_69ff032254b2e.btn-icon-solid:hover .btn-icon{background:rgb(0, 0, 0);}.ld_button_69ff032254b2e{background-color:rgb(255, 255, 255);border-color:rgb(255, 255, 255);color:rgb(0, 0, 0);font-size:16px !important;letter-spacing:0.01em !important;}.ld_button_69ff032254b2e:hover{background-color:rgb(0, 0, 0);border-color:rgb(0, 0, 0);}.ld_button_69ff032254b2e .btn-gradient-bg-hover{background:-webkit-linear-gradient(to right, rgb(0, 0, 0) 0%, rgb(0, 0, 0) 100%);background:linear-gradient(to right, rgb(0, 0, 0) 0%, rgb(0, 0, 0) 100%);}.ld_button_69ff032254b2e .btn-gradient-border defs stop:first-child{stop-color:rgb(255, 255, 255);}.ld_button_69ff032254b2e .btn-gradient-border defs stop:last-child{stop-color:rgb(255, 255, 255);}.ld_button_69ff032254b2e:hover .btn-gradient-border defs stop:first-child{stop-color:rgb(0, 0, 0);}.ld_button_69ff032254b2e:hover .btn-gradient-border defs stop:last-child{stop-color:rgb(0, 0, 0);}<\/style><a href=\"https:\/\/www.tabique.pt\/index.php\/en\/contacts\/\" title=\"Contacts\" class=\"btn btn-solid semi-round btn-bordered border-thin ld_button_69ff032254b2e vc_custom_1686658791197\">\n\t<span>\n\t\t\n\t\t\t\t\t<span class=\"btn-txt\">Contact us<\/span>\n\t\t\t\n\t\t\t\t<\/span>\n<\/a>\n[\/vc_column][\/vc_row]<\/p>\n<\/div>","protected":false},"excerpt":{"rendered":"<p>[vc_row gap=&#8221;35&#8243; enable_gradient=&#8221;yes&#8221; css=&#8221;.vc_custom_1684508923798{padding-top: 90px !important;padding-bottom: 30px !important;}&#8221; gradient_bg=&#8221;linear-gradient(90deg, rgba(0,0,0,0.1) 60%, rgba(255,255,255,0) 60%)&#8221;][vc_column width=&#8221;2\/3&#8243;][vc_empty_space][\/vc_column][vc_column width=&#8221;1\/3&#8243;&#8230;<\/p>\n","protected":false},"author":2,"featured_media":0,"parent":8573,"menu_order":0,"comment_status":"closed","ping_status":"closed","template":"","meta":{"om_disable_all_campaigns":false,"_monsterinsights_skip_tracking":false,"_monsterinsights_sitenote_active":false,"_monsterinsights_sitenote_note":"","_monsterinsights_sitenote_category":0,"_uf_show_specific_survey":0,"_uf_disable_surveys":false,"footnotes":""},"class_list":["post-8634","page","type-page","status-publish","hentry"],"aioseo_notices":[],"_links":{"self":[{"href":"https:\/\/www.tabique.pt\/index.php\/wp-json\/wp\/v2\/pages\/8634","targetHints":{"allow":["GET"]}}],"collection":[{"href":"https:\/\/www.tabique.pt\/index.php\/wp-json\/wp\/v2\/pages"}],"about":[{"href":"https:\/\/www.tabique.pt\/index.php\/wp-json\/wp\/v2\/types\/page"}],"author":[{"embeddable":true,"href":"https:\/\/www.tabique.pt\/index.php\/wp-json\/wp\/v2\/users\/2"}],"replies":[{"embeddable":true,"href":"https:\/\/www.tabique.pt\/index.php\/wp-json\/wp\/v2\/comments?post=8634"}],"version-history":[{"count":2,"href":"https:\/\/www.tabique.pt\/index.php\/wp-json\/wp\/v2\/pages\/8634\/revisions"}],"predecessor-version":[{"id":8706,"href":"https:\/\/www.tabique.pt\/index.php\/wp-json\/wp\/v2\/pages\/8634\/revisions\/8706"}],"up":[{"embeddable":true,"href":"https:\/\/www.tabique.pt\/index.php\/wp-json\/wp\/v2\/pages\/8573"}],"wp:attachment":[{"href":"https:\/\/www.tabique.pt\/index.php\/wp-json\/wp\/v2\/media?parent=8634"}],"curies":[{"name":"wp","href":"https:\/\/api.w.org\/{rel}","templated":true}]}}