{"id":9126,"date":"2024-01-09T15:14:33","date_gmt":"2024-01-09T15:14:33","guid":{"rendered":"https:\/\/www.tabique.pt\/?page_id=9126"},"modified":"2024-01-09T15:25:40","modified_gmt":"2024-01-09T15:25:40","slug":"politica-integrada","status":"publish","type":"page","link":"https:\/\/www.tabique.pt\/index.php\/politica-integrada\/","title":{"rendered":"Politica Integrada"},"content":{"rendered":"<div class=\"wpb-content-wrapper\"><p>[vc_row css=&#8221;.vc_custom_1676557426229{padding-top: 75px !important;padding-bottom: 50px !important;}&#8221;][vc_column][vc_column_text]Tendo consci\u00eancia da import\u00e2ncia das suas actividades para o mercado e a sociedade, a TABIQUE ENGENHARIA,Lda. assume as seguintes orienta\u00e7\u00f5es:<\/p>\n<ol>\n<li><strong>Satisfa\u00e7\u00e3o dos clientes<\/strong> atrav\u00e9s da presta\u00e7\u00e3o de servi\u00e7os capazes de corresponder \u00e0s expectativas dos clientes tendo em considera\u00e7\u00e3o os requisitos regulares e estatu\u00e1rios aplic\u00e1veis.<\/li>\n<li><strong>Colaboradores continuamente formados<\/strong> <strong>e conscientes do seu \u201cpapel\u201d<\/strong> na organiza\u00e7\u00e3o atrav\u00e9s de uma clara e objectiva defini\u00e7\u00e3o das responsabilidades e forma\u00e7\u00e3o cont\u00ednua em fun\u00e7\u00e3o das necessidades identificadas para o seu melhor desempenho.<\/li>\n<li><strong>Gera\u00e7\u00e3o de recursos<\/strong> que permita o progresso e a sustentabilidade da organiza\u00e7\u00e3o atrav\u00e9s da monitoriza\u00e7\u00e3o cont\u00ednua da presta\u00e7\u00e3o dos servi\u00e7os e resultados econ\u00f3mico-financeiros da TABIQUE ENGENHARIA, Lda.<\/li>\n<li><strong>Melhoria cont\u00ednua<\/strong> <strong>dos seus processos e servi\u00e7o<\/strong> atrav\u00e9s do estudo cont\u00ednuo, elimina\u00e7\u00e3o de causas dos desvios, e com o estabelecimento de melhorias esperadas no desempenho de cada processo.<\/li>\n<li><strong>Cumprir com a legisla\u00e7\u00e3o e outros requisitos aplic\u00e1veis<\/strong> \u00e0 nossa atividade, procurando o desenvolvimento de boas pr\u00e1ticas de gest\u00e3o de qualidade, ambiente e seguran\u00e7a e sa\u00fade.<\/li>\n<li><strong>Proteger o ambiente<\/strong> atrav\u00e9s da preven\u00e7\u00e3o da polui\u00e7\u00e3o e minimiza\u00e7\u00e3o dos impactos ambientais e das atividades desenvolvidas.<\/li>\n<li>\u00a0<strong>Assegurar a efici\u00eancia na utiliza\u00e7\u00e3o dos recursos,<\/strong> promovendo a utiliza\u00e7\u00e3o racional de energia.<\/li>\n<li><strong>Assegurar um ambiente de trabalho seguro e saud\u00e1vel<\/strong>, como condi\u00e7\u00e3o para a preven\u00e7\u00e3o dos acidentes de trabalho e doen\u00e7as profissionais.<\/li>\n<li>\u00a0<strong>Promover a sensibiliza\u00e7\u00e3o dos colaboradores<\/strong> para que desenvolvam pr\u00e1ticas e atitudes orientadas para a melhoria da qualidade, da prote\u00e7\u00e3o do ambiente e para a obten\u00e7\u00e3o de elevados n\u00edveis de qualidade.<\/li>\n<li><strong>A Administra\u00e7\u00e3o faculta os meios necess\u00e1rios<\/strong> a todos os colaboradores para a participa\u00e7\u00e3o e consulta dos trabalhadores.<\/li>\n<\/ol>\n<p>A TABIQUE ENGENHARIA, Lda. assegura a comunica\u00e7\u00e3o interna e a an\u00e1lise ao desempenho da sua organiza\u00e7\u00e3o sempre no intuito da satisfa\u00e7\u00e3o dos seus clientes de melhoria cont\u00ednua.[\/vc_column_text][\/vc_column][\/vc_row][vc_row content_placement=&#8221;middle&#8221; parallax=&#8221;enable_parallax&#8221; css=&#8221;.vc_custom_1666186456411{padding-top: 92px !important;padding-bottom: 45px !important;background-image: url(https:\/\/www.tabique.pt\/wp-content\/uploads\/2022\/10\/cta.jpg?id=7232) !important;background-position: center;background-repeat: no-repeat;background-size:cover !important;}&#8221;][vc_column align=&#8221;text-center&#8221; offset=&#8221;vc_col-md-7&#8243; responsive_align=&#8221;text-md-left&#8221; css=&#8221;.vc_custom_1531743285914{margin-bottom: 45px !important;}&#8221;]<style>.ld_fancy_heading_69f06d15a8f31 h2{font-size:24px;line-height:1.2em;font-weight:600;letter-spacing:-0.015em;color:rgb(255, 255, 255);}@media (min-width: 992px) { .ld_fancy_heading_69f06d15a8f31 h2 {margin-bottom:0px !important;  }  } .ld_fancy_heading_69f06d15a8f31 .lqd-highlight-inner{height:0.275em;bottom:0px;}@media (min-width: 992px) { .ld_fancy_heading_69f06d15a8f31 h2 {margin-bottom:0px !important;  }  } <\/style><div class=\"ld-fancy-heading mask-text text-underline ld_fancy_heading_69f06d15a8f31\">\n\t<h2 class=\"lqd-highlight-underline lqd-highlight-grow-left\" data-fittext=\"true\" data-fittext-options='{\"compressor\":0.5,\"maxFontSize\":\"currentFontSize\",\"minFontSize\":\"25\"}' data-split-text=\"true\" data-custom-animations=\"true\" data-ca-options='{\"triggerHandler\":\"inview\",\"animationTarget\":\".lqd-lines .split-inner\",\"duration\":700,\"delay\":100,\"easing\":\"easeOutQuint\",\"direction\":\"forward\",\"initValues\":{\"translateY\":84,\"rotateZ\":10},\"animations\":{\"translateY\":0,\"rotateZ\":0}}' data-split-options='{\"type\":\"lines\"}'><span class=\"ld-fh-txt\"> Pretende alguma Solu\u00e7\u00e3o \u00e0 medida?<br \/>\n<span style=\"text-decoration: underline\">Vamos trabalhar juntos<\/span><\/span><\/h2><\/div>[\/vc_column][vc_column enable_content_animation=&#8221;yes&#8221; ca_init_scale_x=&#8221;1&#8243; ca_init_scale_y=&#8221;1&#8243; ca_init_scale_z=&#8221;1&#8243; ca_init_opacity=&#8221;0&#8243; ca_an_scale_x=&#8221;1&#8243; ca_an_scale_y=&#8221;1&#8243; ca_an_scale_z=&#8221;1&#8243; ca_an_opacity=&#8221;1&#8243; align=&#8221;text-center&#8221; offset=&#8221;vc_col-md-offset-2 vc_col-md-3&#8243; ca_init_translate_y=&#8221;39&#8243; responsive_align=&#8221;text-md-right&#8221;]<style>.ld_button_69f06d15a9072.btn-icon-solid .btn-icon{background:rgb(255, 255, 255);}.ld_button_69f06d15a9072.btn-icon-circle.btn-icon-ripple .btn-icon:before{border-color:rgb(255, 255, 255);}.ld_button_69f06d15a9072.btn-icon-solid:hover .btn-icon{background:rgb(0, 0, 0);}.ld_button_69f06d15a9072{background-color:rgb(255, 255, 255);border-color:rgb(255, 255, 255);color:rgb(0, 0, 0);font-size:16px !important;letter-spacing:0.01em !important;}.ld_button_69f06d15a9072:hover{background-color:rgb(0, 0, 0);border-color:rgb(0, 0, 0);}.ld_button_69f06d15a9072 .btn-gradient-bg-hover{background:-webkit-linear-gradient(to right, rgb(0, 0, 0) 0%, rgb(0, 0, 0) 100%);background:linear-gradient(to right, rgb(0, 0, 0) 0%, rgb(0, 0, 0) 100%);}.ld_button_69f06d15a9072 .btn-gradient-border defs stop:first-child{stop-color:rgb(255, 255, 255);}.ld_button_69f06d15a9072 .btn-gradient-border defs stop:last-child{stop-color:rgb(255, 255, 255);}.ld_button_69f06d15a9072:hover .btn-gradient-border defs stop:first-child{stop-color:rgb(0, 0, 0);}.ld_button_69f06d15a9072:hover .btn-gradient-border defs stop:last-child{stop-color:rgb(0, 0, 0);}<\/style><a href=\"https:\/\/www.tabique.pt\/index.php\/contactos-pt\/\" title=\"Contactos\" class=\"btn btn-solid semi-round btn-bordered border-thin ld_button_69f06d15a9072 vc_custom_1678717888941\">\n\t<span>\n\t\t\n\t\t\t\t\t<span class=\"btn-txt\">Contacte-nos<\/span>\n\t\t\t\n\t\t\t\t<\/span>\n<\/a>\n[\/vc_column][\/vc_row]<\/p>\n<\/div>","protected":false},"excerpt":{"rendered":"<p>[vc_row css=&#8221;.vc_custom_1676557426229{padding-top: 75px !important;padding-bottom: 50px !important;}&#8221;][vc_column][vc_column_text]Tendo consci\u00eancia da import\u00e2ncia das suas actividades para o mercado&#8230;<\/p>\n","protected":false},"author":3,"featured_media":0,"parent":0,"menu_order":0,"comment_status":"closed","ping_status":"closed","template":"","meta":{"om_disable_all_campaigns":false,"_monsterinsights_skip_tracking":false,"_monsterinsights_sitenote_active":false,"_monsterinsights_sitenote_note":"","_monsterinsights_sitenote_category":0,"_uf_show_specific_survey":0,"_uf_disable_surveys":false,"footnotes":""},"class_list":["post-9126","page","type-page","status-publish","hentry"],"aioseo_notices":[],"_links":{"self":[{"href":"https:\/\/www.tabique.pt\/index.php\/wp-json\/wp\/v2\/pages\/9126","targetHints":{"allow":["GET"]}}],"collection":[{"href":"https:\/\/www.tabique.pt\/index.php\/wp-json\/wp\/v2\/pages"}],"about":[{"href":"https:\/\/www.tabique.pt\/index.php\/wp-json\/wp\/v2\/types\/page"}],"author":[{"embeddable":true,"href":"https:\/\/www.tabique.pt\/index.php\/wp-json\/wp\/v2\/users\/3"}],"replies":[{"embeddable":true,"href":"https:\/\/www.tabique.pt\/index.php\/wp-json\/wp\/v2\/comments?post=9126"}],"version-history":[{"count":2,"href":"https:\/\/www.tabique.pt\/index.php\/wp-json\/wp\/v2\/pages\/9126\/revisions"}],"predecessor-version":[{"id":9128,"href":"https:\/\/www.tabique.pt\/index.php\/wp-json\/wp\/v2\/pages\/9126\/revisions\/9128"}],"wp:attachment":[{"href":"https:\/\/www.tabique.pt\/index.php\/wp-json\/wp\/v2\/media?parent=9126"}],"curies":[{"name":"wp","href":"https:\/\/api.w.org\/{rel}","templated":true}]}}